{"id":2,"date":"2022-04-12T09:27:52","date_gmt":"2022-04-12T12:27:52","guid":{"rendered":"https:\/\/brpini.com.br\/?page_id=2"},"modified":"2022-04-12T09:30:55","modified_gmt":"2022-04-12T12:30:55","slug":"pagina-exemplo","status":"publish","type":"page","link":"https:\/\/brpini.com.br\/?page_id=2","title":{"rendered":"P\u00e1gina de exemplo"},"content":{"rendered":"\r\n<p style=\"text-align: center;\">Atualizando arquivos para lan\u00e7amento do site<\/p>\r\n","protected":false},"excerpt":{"rendered":"<p>Atualizando arquivos para lan\u00e7amento do site<\/p>\n","protected":false},"author":1,"featured_media":0,"parent":0,"menu_order":0,"comment_status":"closed","ping_status":"open","template":"","meta":{"footnotes":""},"class_list":["post-2","page","type-page","status-publish","hentry"],"yoast_head":"<!-- This site is optimized with the Yoast SEO plugin v19.8 - https:\/\/yoast.com\/wordpress\/plugins\/seo\/ -->\n<title>P\u00e1gina de exemplo - BR Pini<\/title>\n<meta name=\"robots\" content=\"index, follow, max-snippet:-1, max-image-preview:large, max-video-preview:-1\" \/>\n<link rel=\"canonical\" href=\"https:\/\/brpini.com.br\/?page_id=2\" \/>\n<meta property=\"og:locale\" content=\"pt_BR\" \/>\n<meta property=\"og:type\" content=\"article\" \/>\n<meta property=\"og:title\" content=\"P\u00e1gina de exemplo - BR Pini\" \/>\n<meta property=\"og:description\" content=\"Atualizando arquivos para lan\u00e7amento do site\" \/>\n<meta property=\"og:url\" content=\"https:\/\/brpini.com.br\/?page_id=2\" \/>\n<meta property=\"og:site_name\" content=\"BR Pini\" \/>\n<meta property=\"article:modified_time\" content=\"2022-04-12T12:30:55+00:00\" \/>\n<meta name=\"twitter:card\" content=\"summary_large_image\" \/>\n<script type=\"application\/ld+json\" class=\"yoast-schema-graph\">{\"@context\":\"https:\/\/schema.org\",\"@graph\":[{\"@type\":\"WebPage\",\"@id\":\"https:\/\/brpini.com.br\/?page_id=2\",\"url\":\"https:\/\/brpini.com.br\/?page_id=2\",\"name\":\"P\u00e1gina de exemplo - BR Pini\",\"isPartOf\":{\"@id\":\"https:\/\/brpini.com.br\/#website\"},\"datePublished\":\"2022-04-12T12:27:52+00:00\",\"dateModified\":\"2022-04-12T12:30:55+00:00\",\"breadcrumb\":{\"@id\":\"https:\/\/brpini.com.br\/?page_id=2#breadcrumb\"},\"inLanguage\":\"pt-BR\",\"potentialAction\":[{\"@type\":\"ReadAction\",\"target\":[\"https:\/\/brpini.com.br\/?page_id=2\"]}]},{\"@type\":\"BreadcrumbList\",\"@id\":\"https:\/\/brpini.com.br\/?page_id=2#breadcrumb\",\"itemListElement\":[{\"@type\":\"ListItem\",\"position\":1,\"name\":\"In\u00edcio\",\"item\":\"https:\/\/brpini.com.br\/?page_id=102\"},{\"@type\":\"ListItem\",\"position\":2,\"name\":\"P\u00e1gina de exemplo\"}]},{\"@type\":\"WebSite\",\"@id\":\"https:\/\/brpini.com.br\/#website\",\"url\":\"https:\/\/brpini.com.br\/\",\"name\":\"BR Pini\",\"description\":\"A BRPINI REPRESENTA\u00c7\u00d5ES COMECIAIS, atua no seguimento de constru\u00e7\u00e3o civil e infra estrutura, voltado especificamente para o comercio de TUBOS e CONEX\u00d4ES de PVC, PEAD, Tubos Lisos e Corrugados, Conex\u00f5es Flex\u00edveis e Reparos N\u00e3o Destrutivos.\",\"publisher\":{\"@id\":\"https:\/\/brpini.com.br\/#organization\"},\"potentialAction\":[{\"@type\":\"SearchAction\",\"target\":{\"@type\":\"EntryPoint\",\"urlTemplate\":\"https:\/\/brpini.com.br\/?s={search_term_string}\"},\"query-input\":\"required name=search_term_string\"}],\"inLanguage\":\"pt-BR\"},{\"@type\":\"Organization\",\"@id\":\"https:\/\/brpini.com.br\/#organization\",\"name\":\"BRPINI - REPRESENTA\u00c7\u00d5ES COMECIAIS\",\"url\":\"https:\/\/brpini.com.br\/\",\"sameAs\":[],\"logo\":{\"@type\":\"ImageObject\",\"inLanguage\":\"pt-BR\",\"@id\":\"https:\/\/brpini.com.br\/#\/schema\/logo\/image\/\",\"url\":\"https:\/\/brpini.com.br\/wp-content\/uploads\/2022\/10\/BR-Pini.png\",\"contentUrl\":\"https:\/\/brpini.com.br\/wp-content\/uploads\/2022\/10\/BR-Pini.png\",\"width\":515,\"height\":250,\"caption\":\"BRPINI - REPRESENTA\u00c7\u00d5ES COMECIAIS\"},\"image\":{\"@id\":\"https:\/\/brpini.com.br\/#\/schema\/logo\/image\/\"}}]}<\/script>\n<!-- \/ Yoast SEO plugin. -->","yoast_head_json":{"title":"P\u00e1gina de exemplo - BR Pini","robots":{"index":"index","follow":"follow","max-snippet":"max-snippet:-1","max-image-preview":"max-image-preview:large","max-video-preview":"max-video-preview:-1"},"canonical":"https:\/\/brpini.com.br\/?page_id=2","og_locale":"pt_BR","og_type":"article","og_title":"P\u00e1gina de exemplo - BR Pini","og_description":"Atualizando arquivos para lan\u00e7amento do site","og_url":"https:\/\/brpini.com.br\/?page_id=2","og_site_name":"BR Pini","article_modified_time":"2022-04-12T12:30:55+00:00","twitter_card":"summary_large_image","schema":{"@context":"https:\/\/schema.org","@graph":[{"@type":"WebPage","@id":"https:\/\/brpini.com.br\/?page_id=2","url":"https:\/\/brpini.com.br\/?page_id=2","name":"P\u00e1gina de exemplo - BR Pini","isPartOf":{"@id":"https:\/\/brpini.com.br\/#website"},"datePublished":"2022-04-12T12:27:52+00:00","dateModified":"2022-04-12T12:30:55+00:00","breadcrumb":{"@id":"https:\/\/brpini.com.br\/?page_id=2#breadcrumb"},"inLanguage":"pt-BR","potentialAction":[{"@type":"ReadAction","target":["https:\/\/brpini.com.br\/?page_id=2"]}]},{"@type":"BreadcrumbList","@id":"https:\/\/brpini.com.br\/?page_id=2#breadcrumb","itemListElement":[{"@type":"ListItem","position":1,"name":"In\u00edcio","item":"https:\/\/brpini.com.br\/?page_id=102"},{"@type":"ListItem","position":2,"name":"P\u00e1gina de exemplo"}]},{"@type":"WebSite","@id":"https:\/\/brpini.com.br\/#website","url":"https:\/\/brpini.com.br\/","name":"BR Pini","description":"A BRPINI REPRESENTA\u00c7\u00d5ES COMECIAIS, atua no seguimento de constru\u00e7\u00e3o civil e infra estrutura, voltado especificamente para o comercio de TUBOS e CONEX\u00d4ES de PVC, PEAD, Tubos Lisos e Corrugados, Conex\u00f5es Flex\u00edveis e Reparos N\u00e3o Destrutivos.","publisher":{"@id":"https:\/\/brpini.com.br\/#organization"},"potentialAction":[{"@type":"SearchAction","target":{"@type":"EntryPoint","urlTemplate":"https:\/\/brpini.com.br\/?s={search_term_string}"},"query-input":"required name=search_term_string"}],"inLanguage":"pt-BR"},{"@type":"Organization","@id":"https:\/\/brpini.com.br\/#organization","name":"BRPINI - REPRESENTA\u00c7\u00d5ES COMECIAIS","url":"https:\/\/brpini.com.br\/","sameAs":[],"logo":{"@type":"ImageObject","inLanguage":"pt-BR","@id":"https:\/\/brpini.com.br\/#\/schema\/logo\/image\/","url":"https:\/\/brpini.com.br\/wp-content\/uploads\/2022\/10\/BR-Pini.png","contentUrl":"https:\/\/brpini.com.br\/wp-content\/uploads\/2022\/10\/BR-Pini.png","width":515,"height":250,"caption":"BRPINI - REPRESENTA\u00c7\u00d5ES COMECIAIS"},"image":{"@id":"https:\/\/brpini.com.br\/#\/schema\/logo\/image\/"}}]}},"_links":{"self":[{"href":"https:\/\/brpini.com.br\/index.php?rest_route=\/wp\/v2\/pages\/2","targetHints":{"allow":["GET"]}}],"collection":[{"href":"https:\/\/brpini.com.br\/index.php?rest_route=\/wp\/v2\/pages"}],"about":[{"href":"https:\/\/brpini.com.br\/index.php?rest_route=\/wp\/v2\/types\/page"}],"author":[{"embeddable":true,"href":"https:\/\/brpini.com.br\/index.php?rest_route=\/wp\/v2\/users\/1"}],"replies":[{"embeddable":true,"href":"https:\/\/brpini.com.br\/index.php?rest_route=%2Fwp%2Fv2%2Fcomments&post=2"}],"version-history":[{"count":1,"href":"https:\/\/brpini.com.br\/index.php?rest_route=\/wp\/v2\/pages\/2\/revisions"}],"predecessor-version":[{"id":853,"href":"https:\/\/brpini.com.br\/index.php?rest_route=\/wp\/v2\/pages\/2\/revisions\/853"}],"wp:attachment":[{"href":"https:\/\/brpini.com.br\/index.php?rest_route=%2Fwp%2Fv2%2Fmedia&parent=2"}],"curies":[{"name":"wp","href":"https:\/\/api.w.org\/{rel}","templated":true}]}}