{"id":298,"date":"2018-04-01T07:46:58","date_gmt":"2018-04-01T10:46:58","guid":{"rendered":"http:\/\/wp\/portfolio-light\/?page_id=298"},"modified":"2023-11-29T23:33:36","modified_gmt":"2023-11-30T02:33:36","slug":"footer-template-2","status":"publish","type":"page","link":"https:\/\/brpini.com.br\/?page_id=298","title":{"rendered":"Footer Template &#8211;"},"content":{"rendered":"\n<style type=\"text\/css\" data-created_by=\"avia_inline_auto\" id=\"style-css-av-jfgi5bwp-b728498068496b07eda474e6f5fe614f\">\n.avia-section.av-jfgi5bwp-b728498068496b07eda474e6f5fe614f{\nbackground-color:#ffffff;\n}\n<\/style>\n<div id='footer-template'  class='avia-section av-jfgi5bwp-b728498068496b07eda474e6f5fe614f footer_color avia-section-huge avia-no-shadow  avia-builder-el-0  avia-builder-el-no-sibling  avia-bg-style-scroll container_wrap fullsize'  ><div class='container av-section-cont-open' ><main  role=\"main\" itemprop=\"mainContentOfPage\"  class='template-page content  av-content-full alpha units'><div class='post-entry post-entry-type-page post-entry-298'><div class='entry-content-wrapper clearfix'>\n\n<style type=\"text\/css\" data-created_by=\"avia_inline_auto\" id=\"style-css-av-jgs0dhmw-fbb15603ec0e89112e916a3485b9ca05\">\n#top .flex_column.av-jgs0dhmw-fbb15603ec0e89112e916a3485b9ca05{\nmargin-top:0px;\nmargin-bottom:0px;\n}\n.flex_column.av-jgs0dhmw-fbb15603ec0e89112e916a3485b9ca05{\nborder-radius:0px 0px 0px 0px;\n-webkit-border-radius:0px 0px 0px 0px;\n-moz-border-radius:0px 0px 0px 0px;\n}\n.responsive #top #wrap_all .flex_column.av-jgs0dhmw-fbb15603ec0e89112e916a3485b9ca05{\nmargin-top:0px;\nmargin-bottom:0px;\n}\n<\/style>\n<div class='flex_column av-jgs0dhmw-fbb15603ec0e89112e916a3485b9ca05 av_one_full  avia-builder-el-1  el_before_av_hr  avia-builder-el-first  first flex_column_div av-zero-column-padding avia-link-column av-column-link avia-link-column-hover '  data-link-column-url=\"https:\/\/brpini.com.br\/?page_id=156\"   ><a class=\"av-screen-reader-only\" href=https:\/\/brpini.com.br\/?page_id=156 >Link to: Get in touch<\/a><p>\n<style type=\"text\/css\" data-created_by=\"avia_inline_auto\" id=\"style-css-av-av_heading-3fcd02e3e5aa58b087e9bd137bbf79fa\">\n#top .av-special-heading.av-av_heading-3fcd02e3e5aa58b087e9bd137bbf79fa{\npadding-bottom:0px;\nfont-size:50px;\n}\nbody .av-special-heading.av-av_heading-3fcd02e3e5aa58b087e9bd137bbf79fa .av-special-heading-tag .heading-char{\nfont-size:25px;\n}\n#top #wrap_all .av-special-heading.av-av_heading-3fcd02e3e5aa58b087e9bd137bbf79fa .av-special-heading-tag{\nfont-size:50px;\n}\n.av-special-heading.av-av_heading-3fcd02e3e5aa58b087e9bd137bbf79fa .av-subheading{\nfont-size:30px;\n}\n<\/style>\n<div  class='av-special-heading av-av_heading-3fcd02e3e5aa58b087e9bd137bbf79fa av-special-heading-h3 blockquote modern-quote modern-centered  avia-builder-el-2  el_before_av_textblock  avia-builder-el-first  av-inherit-size'><h3 class='av-special-heading-tag'  itemprop=\"headline\"  >Any more questions? Feel free to write us a mail!<\/h3><div class=\"special-heading-border\"><div class=\"special-heading-inner-border\"><\/div><\/div><\/div><br \/>\n<section  class='av_textblock_section av-jgfdunv8-7952e8ecf6533fb326fc4b07b70afd0f'  itemscope=\"itemscope\" itemtype=\"https:\/\/schema.org\/CreativeWork\" ><div class='avia_textblock'  itemprop=\"text\" ><p style=\"text-align: center;\">Cum sociis natoque penatibus et magnis dis parturient montes, nascetur ridiculus mus.<br \/>\nLorem ipsum dolor sit amet, consectetuer adipiscing elit.<\/p>\n<\/div><\/section><\/p><\/div>\n<style type=\"text\/css\" data-created_by=\"avia_inline_auto\" id=\"style-css-av-jfj8eyp1-3f1640349e8f35ed5c950164b97417c8\">\n#top .hr.av-jfj8eyp1-3f1640349e8f35ed5c950164b97417c8{\nmargin-top:50px;\nmargin-bottom:50px;\n}\n.hr.av-jfj8eyp1-3f1640349e8f35ed5c950164b97417c8 .hr-inner{\nwidth:50px;\nborder-color:#d3d3d3;\nmax-width:45%;\n}\n.hr.av-jfj8eyp1-3f1640349e8f35ed5c950164b97417c8 .av-seperator-icon{\ncolor:#072f4c;\n}\n<\/style>\n<div  class='hr av-jfj8eyp1-3f1640349e8f35ed5c950164b97417c8 hr-custom  avia-builder-el-4  el_after_av_one_full  el_before_av_one_full  hr-center hr-icon-yes'><span class='hr-inner inner-border-av-border-thin'><span class=\"hr-inner-style\"><\/span><\/span><span class='av-seperator-icon' aria-hidden='true' data-av_icon='\uf119' data-av_iconfont='justice'><\/span><span class='hr-inner inner-border-av-border-thin'><span class=\"hr-inner-style\"><\/span><\/span><\/div>\n\n<style type=\"text\/css\" data-created_by=\"avia_inline_auto\" id=\"style-css-av-6kpu2-a7d3456606f09035c100c36fdc3f4766\">\n.flex_column.av-6kpu2-a7d3456606f09035c100c36fdc3f4766{\nborder-radius:0px 0px 0px 0px;\n-webkit-border-radius:0px 0px 0px 0px;\n-moz-border-radius:0px 0px 0px 0px;\n}\n<\/style>\n<div class='flex_column av-6kpu2-a7d3456606f09035c100c36fdc3f4766 av_one_full  avia-builder-el-5  el_after_av_hr  el_before_av_hr  first flex_column_div av-zero-column-padding '   ><p><div  class='avia-buttonrow-wrap av-jfj7zffg-6c003b9d16f276ef10d69a9152895f64 avia-buttonrow-center  avia-builder-el-6  el_before_av_textblock  avia-builder-el-first '>\n\n<style type=\"text\/css\" data-created_by=\"avia_inline_auto\" id=\"style-css-av-11owzu-6c915808c380fb445531a8a0829894f6\">\n#top #wrap_all .avia-button.av-11owzu-6c915808c380fb445531a8a0829894f6{\nmargin-bottom:20px;\nmargin-right:10px;\nmargin-left:10px;\n}\n<\/style>\n<a href='#' data-avia-tooltip=\"Follow me on Twitter\" class='avia-button av-11owzu-6c915808c380fb445531a8a0829894f6 avia-icon_select-yes-left-icon avia-size-large av-button-label-on-hover av-button-notext avia-color-theme-color'  ><span class='avia_button_icon avia_button_icon_left ' aria-hidden='true' data-av_icon='\ue8f1' data-av_iconfont='entypo-fontello'><\/span><span class='avia_iconbox_title' ><\/span><\/a>\n\n<style type=\"text\/css\" data-created_by=\"avia_inline_auto\" id=\"style-css-av-v30ya-1d452ec7ba59955872c9e8c7292ecbff\">\n#top #wrap_all .avia-button.av-v30ya-1d452ec7ba59955872c9e8c7292ecbff{\nmargin-bottom:20px;\nmargin-right:10px;\nmargin-left:10px;\n}\n<\/style>\n<a href='#' data-avia-tooltip=\"Follow me on Facebook\" class='avia-button av-v30ya-1d452ec7ba59955872c9e8c7292ecbff avia-icon_select-yes-left-icon avia-size-large av-button-label-on-hover av-button-notext avia-color-theme-color'  ><span class='avia_button_icon avia_button_icon_left ' aria-hidden='true' data-av_icon='\ue8f3' data-av_iconfont='entypo-fontello'><\/span><span class='avia_iconbox_title' ><\/span><\/a>\n\n<style type=\"text\/css\" data-created_by=\"avia_inline_auto\" id=\"style-css-av-qfwqy-322c4d4b2527835e7657bef90c26525a\">\n#top #wrap_all .avia-button.av-qfwqy-322c4d4b2527835e7657bef90c26525a{\nmargin-bottom:20px;\nmargin-right:10px;\nmargin-left:10px;\n}\n<\/style>\n<a href='#' data-avia-tooltip=\"Follow me on Dribbble\" class='avia-button av-qfwqy-322c4d4b2527835e7657bef90c26525a avia-icon_select-yes-left-icon avia-size-large av-button-label-on-hover av-button-notext avia-color-theme-color'  ><span class='avia_button_icon avia_button_icon_left ' aria-hidden='true' data-av_icon='\ue8fe' data-av_iconfont='entypo-fontello'><\/span><span class='avia_iconbox_title' ><\/span><\/a>\n\n<style type=\"text\/css\" data-created_by=\"avia_inline_auto\" id=\"style-css-av-jx31m-52980f89b8aa4fb5235f2185688ae44e\">\n#top #wrap_all .avia-button.av-jx31m-52980f89b8aa4fb5235f2185688ae44e{\nmargin-bottom:20px;\nmargin-right:10px;\nmargin-left:10px;\n}\n<\/style>\n<a href='#' data-avia-tooltip=\"Follow me on Instagram\" class='avia-button av-jx31m-52980f89b8aa4fb5235f2185688ae44e avia-icon_select-yes-left-icon avia-size-large av-button-label-on-hover av-button-notext avia-color-theme-color'  ><span class='avia_button_icon avia_button_icon_left ' aria-hidden='true' data-av_icon='\ue909' data-av_iconfont='entypo-fontello'><\/span><span class='avia_iconbox_title' ><\/span><\/a>\n\n<style type=\"text\/css\" data-created_by=\"avia_inline_auto\" id=\"style-css-av-g4seq-8e16445cda2a0869c94f7dbcdd512b09\">\n#top #wrap_all .avia-button.av-g4seq-8e16445cda2a0869c94f7dbcdd512b09{\nmargin-bottom:20px;\nmargin-right:10px;\nmargin-left:10px;\n}\n<\/style>\n<a href='#' data-avia-tooltip=\"Follow me on LinkedIn\" class='avia-button av-g4seq-8e16445cda2a0869c94f7dbcdd512b09 avia-icon_select-yes-left-icon avia-size-large av-button-label-on-hover av-button-notext avia-color-theme-color'  ><span class='avia_button_icon avia_button_icon_left ' aria-hidden='true' data-av_icon='\ue8fc' data-av_iconfont='entypo-fontello'><\/span><span class='avia_iconbox_title' ><\/span><\/a>\n\n<style type=\"text\/css\" data-created_by=\"avia_inline_auto\" id=\"style-css-av-6qf2y-49ac7c89f23ecb943d8bd6a0af8ea37c\">\n#top #wrap_all .avia-button.av-6qf2y-49ac7c89f23ecb943d8bd6a0af8ea37c{\nmargin-bottom:20px;\nmargin-right:10px;\nmargin-left:10px;\n}\n<\/style>\n<a href='#' data-avia-tooltip=\"Get in touch\" class='avia-button av-6qf2y-49ac7c89f23ecb943d8bd6a0af8ea37c avia-icon_select-yes-left-icon avia-size-large av-button-label-on-hover av-button-notext avia-color-theme-color'  ><span class='avia_button_icon avia_button_icon_left ' aria-hidden='true' data-av_icon='\ue805' data-av_iconfont='entypo-fontello'><\/span><span class='avia_iconbox_title' ><\/span><\/a>\n<\/div><br \/>\n\n<style type=\"text\/css\" data-created_by=\"avia_inline_auto\" id=\"style-css-av-jgqlrqxr-6935f15839178e301ca41eede2133651\">\n#top .av_textblock_section.av-jgqlrqxr-6935f15839178e301ca41eede2133651 .avia_textblock{\nfont-size:12px;\n}\n<\/style>\n<section  class='av_textblock_section av-jgqlrqxr-6935f15839178e301ca41eede2133651'  itemscope=\"itemscope\" itemtype=\"https:\/\/schema.org\/CreativeWork\" ><div class='avia_textblock'  itemprop=\"text\" ><p style=\"text-align: center;\"><strong>IMPRINT<\/strong><\/p>\n<p style=\"text-align: center;\">Enfold Law Agency | Attorneys of Law | 3231 South King Boulevard\u00a0Suite 315<br \/>\nPhone: +555 240 92 20 | Fax: +555 240 51 94 | Email: office@enfold-law-office.com<br \/>\nVAT-Nummer: 56473643 | ASDF-Code: R234567<\/p>\n<p style=\"text-align: center;\">Located in\u00a0 California, the law firm of Enfold Law L.L.P. represents clients throughout California, including, but not limited to the cities of Los Angeles, Santa Ana, Yorba Linda, San Juan Capistrano, Mission Viejo, Newport Beach, Huntington Beach, Tustin, Irvine, Costa Mesa, Fullerton, Brea, Corona, Chino, Temecula, Lake Elsinore and Orange County, Los Angeles County, Riverside County, San Bernardino County and San Diego County.<\/p>\n<p style=\"text-align: center;\"><strong>DISCLAIMER<\/strong><\/p>\n<p style=\"text-align: center;\">The information contained in this website is for general information purposes only. The information is provided by [business name] and while we endeavour to keep the information up to date and correct, we make no representations or warranties of any kind, express or implied, about the completeness, accuracy, reliability, suitability or availability with respect to the website or the information, products, services, or related graphics contained on the website for any purpose. Any reliance you place on such information is therefore strictly at your own risk.<\/p>\n<\/div><\/section><\/p><\/div>\n<style type=\"text\/css\" data-created_by=\"avia_inline_auto\" id=\"style-css-av-jfj8eyp1-878d8bbb326ffb40c7a03f731c4ff84d\">\n#top .hr.av-jfj8eyp1-878d8bbb326ffb40c7a03f731c4ff84d{\nmargin-top:30px;\nmargin-bottom:30px;\n}\n.hr.av-jfj8eyp1-878d8bbb326ffb40c7a03f731c4ff84d .hr-inner{\nwidth:50px;\nborder-color:#d3d3d3;\nmax-width:45%;\n}\n.hr.av-jfj8eyp1-878d8bbb326ffb40c7a03f731c4ff84d .av-seperator-icon{\ncolor:#072f4c;\n}\n<\/style>\n<div  class='hr av-jfj8eyp1-878d8bbb326ffb40c7a03f731c4ff84d hr-custom  avia-builder-el-8  el_after_av_one_full  el_before_av_one_third  hr-center hr-icon-yes'><span class='hr-inner inner-border-av-border-thin'><span class=\"hr-inner-style\"><\/span><\/span><span class='av-seperator-icon' aria-hidden='true' data-av_icon='\uf119' data-av_iconfont='justice'><\/span><span class='hr-inner inner-border-av-border-thin'><span class=\"hr-inner-style\"><\/span><\/span><\/div>\n\n<style type=\"text\/css\" data-created_by=\"avia_inline_auto\" id=\"style-css-av-2gdk2-12eaeaa277ef8003cf48ac4e08a9702e\">\n#top .flex_column.av-2gdk2-12eaeaa277ef8003cf48ac4e08a9702e{\nmargin-top:0px;\nmargin-bottom:0px;\n}\n.flex_column.av-2gdk2-12eaeaa277ef8003cf48ac4e08a9702e{\nborder-radius:0px 0px 0px 0px;\n-webkit-border-radius:0px 0px 0px 0px;\n-moz-border-radius:0px 0px 0px 0px;\n}\n.responsive #top #wrap_all .flex_column.av-2gdk2-12eaeaa277ef8003cf48ac4e08a9702e{\nmargin-top:0px;\nmargin-bottom:0px;\n}\n<\/style>\n<div class='flex_column av-2gdk2-12eaeaa277ef8003cf48ac4e08a9702e av_one_third  avia-builder-el-9  el_after_av_hr  el_before_av_one_third  first flex_column_div av-zero-column-padding '   ><\/div>\n<style type=\"text\/css\" data-created_by=\"avia_inline_auto\" id=\"style-css-av-lejfe-b69b8fcdab57c65eb879b9985737f0d1\">\n#top .flex_column.av-lejfe-b69b8fcdab57c65eb879b9985737f0d1{\nmargin-top:0px;\nmargin-bottom:0px;\n}\n.flex_column.av-lejfe-b69b8fcdab57c65eb879b9985737f0d1{\nborder-radius:0px 0px 0px 0px;\n-webkit-border-radius:0px 0px 0px 0px;\n-moz-border-radius:0px 0px 0px 0px;\n}\n.responsive #top #wrap_all .flex_column.av-lejfe-b69b8fcdab57c65eb879b9985737f0d1{\nmargin-top:0px;\nmargin-bottom:0px;\n}\n<\/style>\n<div class='flex_column av-lejfe-b69b8fcdab57c65eb879b9985737f0d1 av_one_third  avia-builder-el-10  el_after_av_one_third  el_before_av_one_third  flex_column_div av-zero-column-padding '   ><style type=\"text\/css\" data-created_by=\"avia_inline_auto\" id=\"style-css-av-jfiohzkt-e3603554f0ef901fd0957827514eaccc\">\n#top .av_textblock_section.av-jfiohzkt-e3603554f0ef901fd0957827514eaccc .avia_textblock{\nfont-size:12px;\n}\n<\/style>\n<section  class='av_textblock_section av-jfiohzkt-e3603554f0ef901fd0957827514eaccc'  itemscope=\"itemscope\" itemtype=\"https:\/\/schema.org\/CreativeWork\" ><div class='avia_textblock'  itemprop=\"text\" ><p style=\"text-align: center;\"><a href=\"#\">About<\/a> | <a href=\"#\">Imprint<\/a> | <a href=\"#\">Contact<\/a> | <a href=\"#\">Terms<\/a><\/p>\n<\/div><\/section><br \/>\n\n<style type=\"text\/css\" data-created_by=\"avia_inline_auto\" id=\"style-css-av-jfiohzkt-e3603554f0ef901fd0957827514eaccc\">\n#top .av_textblock_section.av-jfiohzkt-e3603554f0ef901fd0957827514eaccc .avia_textblock{\nfont-size:12px;\n}\n<\/style>\n<section  class='av_textblock_section av-jfiohzkt-e3603554f0ef901fd0957827514eaccc'  itemscope=\"itemscope\" itemtype=\"https:\/\/schema.org\/CreativeWork\" ><div class='avia_textblock'  itemprop=\"text\" ><p style=\"text-align: center;\"><a href=\"http:\/\/kriesi.at\">\u00a9 2018 Enfold by Kriesi<\/a><\/p>\n<\/div><\/section><\/p><\/div>\n<style type=\"text\/css\" data-created_by=\"avia_inline_auto\" id=\"style-css-av-6l59m-51624b6b6514d7f5d36c2165f396e1c8\">\n#top .flex_column.av-6l59m-51624b6b6514d7f5d36c2165f396e1c8{\nmargin-top:0px;\nmargin-bottom:0px;\n}\n.flex_column.av-6l59m-51624b6b6514d7f5d36c2165f396e1c8{\nborder-radius:0px 0px 0px 0px;\n-webkit-border-radius:0px 0px 0px 0px;\n-moz-border-radius:0px 0px 0px 0px;\n}\n.responsive #top #wrap_all .flex_column.av-6l59m-51624b6b6514d7f5d36c2165f396e1c8{\nmargin-top:0px;\nmargin-bottom:0px;\n}\n<\/style>\n<div class='flex_column av-6l59m-51624b6b6514d7f5d36c2165f396e1c8 av_one_third  avia-builder-el-13  el_after_av_one_third  avia-builder-el-last  flex_column_div av-zero-column-padding '   ><\/div>\n","protected":false},"excerpt":{"rendered":"","protected":false},"author":1,"featured_media":0,"parent":0,"menu_order":0,"comment_status":"closed","ping_status":"closed","template":"","meta":{"footnotes":""},"class_list":["post-298","page","type-page","status-publish","hentry"],"yoast_head":"<!-- This site is optimized with the Yoast SEO plugin v19.8 - https:\/\/yoast.com\/wordpress\/plugins\/seo\/ -->\n<title>Footer Template - BR Pini<\/title>\n<meta name=\"robots\" content=\"index, follow, max-snippet:-1, max-image-preview:large, max-video-preview:-1\" \/>\n<link rel=\"canonical\" href=\"https:\/\/brpini.com.br\/?page_id=298\" \/>\n<meta property=\"og:locale\" content=\"pt_BR\" \/>\n<meta property=\"og:type\" content=\"article\" \/>\n<meta property=\"og:title\" content=\"Footer Template - BR Pini\" \/>\n<meta property=\"og:url\" content=\"https:\/\/brpini.com.br\/?page_id=298\" \/>\n<meta property=\"og:site_name\" content=\"BR Pini\" \/>\n<meta property=\"article:modified_time\" content=\"2023-11-30T02:33:36+00:00\" \/>\n<meta name=\"twitter:card\" content=\"summary_large_image\" \/>\n<meta name=\"twitter:label1\" content=\"Est. tempo de leitura\" \/>\n\t<meta name=\"twitter:data1\" content=\"6 minutos\" \/>\n<script type=\"application\/ld+json\" class=\"yoast-schema-graph\">{\"@context\":\"https:\/\/schema.org\",\"@graph\":[{\"@type\":\"WebPage\",\"@id\":\"https:\/\/brpini.com.br\/?page_id=298\",\"url\":\"https:\/\/brpini.com.br\/?page_id=298\",\"name\":\"Footer Template - BR Pini\",\"isPartOf\":{\"@id\":\"https:\/\/brpini.com.br\/#website\"},\"datePublished\":\"2018-04-01T10:46:58+00:00\",\"dateModified\":\"2023-11-30T02:33:36+00:00\",\"breadcrumb\":{\"@id\":\"https:\/\/brpini.com.br\/?page_id=298#breadcrumb\"},\"inLanguage\":\"pt-BR\",\"potentialAction\":[{\"@type\":\"ReadAction\",\"target\":[\"https:\/\/brpini.com.br\/?page_id=298\"]}]},{\"@type\":\"BreadcrumbList\",\"@id\":\"https:\/\/brpini.com.br\/?page_id=298#breadcrumb\",\"itemListElement\":[{\"@type\":\"ListItem\",\"position\":1,\"name\":\"In\u00edcio\",\"item\":\"https:\/\/brpini.com.br\/?page_id=102\"},{\"@type\":\"ListItem\",\"position\":2,\"name\":\"Footer Template &#8211;\"}]},{\"@type\":\"WebSite\",\"@id\":\"https:\/\/brpini.com.br\/#website\",\"url\":\"https:\/\/brpini.com.br\/\",\"name\":\"BR Pini\",\"description\":\"A BRPINI REPRESENTA\u00c7\u00d5ES COMECIAIS, atua no seguimento de constru\u00e7\u00e3o civil e infra estrutura, voltado especificamente para o comercio de TUBOS e CONEX\u00d4ES de PVC, PEAD, Tubos Lisos e Corrugados, Conex\u00f5es Flex\u00edveis e Reparos N\u00e3o Destrutivos.\",\"publisher\":{\"@id\":\"https:\/\/brpini.com.br\/#organization\"},\"potentialAction\":[{\"@type\":\"SearchAction\",\"target\":{\"@type\":\"EntryPoint\",\"urlTemplate\":\"https:\/\/brpini.com.br\/?s={search_term_string}\"},\"query-input\":\"required name=search_term_string\"}],\"inLanguage\":\"pt-BR\"},{\"@type\":\"Organization\",\"@id\":\"https:\/\/brpini.com.br\/#organization\",\"name\":\"BRPINI - REPRESENTA\u00c7\u00d5ES COMECIAIS\",\"url\":\"https:\/\/brpini.com.br\/\",\"sameAs\":[],\"logo\":{\"@type\":\"ImageObject\",\"inLanguage\":\"pt-BR\",\"@id\":\"https:\/\/brpini.com.br\/#\/schema\/logo\/image\/\",\"url\":\"https:\/\/brpini.com.br\/wp-content\/uploads\/2022\/10\/BR-Pini.png\",\"contentUrl\":\"https:\/\/brpini.com.br\/wp-content\/uploads\/2022\/10\/BR-Pini.png\",\"width\":515,\"height\":250,\"caption\":\"BRPINI - REPRESENTA\u00c7\u00d5ES COMECIAIS\"},\"image\":{\"@id\":\"https:\/\/brpini.com.br\/#\/schema\/logo\/image\/\"}}]}<\/script>\n<!-- \/ Yoast SEO plugin. -->","yoast_head_json":{"title":"Footer Template - BR Pini","robots":{"index":"index","follow":"follow","max-snippet":"max-snippet:-1","max-image-preview":"max-image-preview:large","max-video-preview":"max-video-preview:-1"},"canonical":"https:\/\/brpini.com.br\/?page_id=298","og_locale":"pt_BR","og_type":"article","og_title":"Footer Template - BR Pini","og_url":"https:\/\/brpini.com.br\/?page_id=298","og_site_name":"BR Pini","article_modified_time":"2023-11-30T02:33:36+00:00","twitter_card":"summary_large_image","twitter_misc":{"Est. tempo de leitura":"6 minutos"},"schema":{"@context":"https:\/\/schema.org","@graph":[{"@type":"WebPage","@id":"https:\/\/brpini.com.br\/?page_id=298","url":"https:\/\/brpini.com.br\/?page_id=298","name":"Footer Template - BR Pini","isPartOf":{"@id":"https:\/\/brpini.com.br\/#website"},"datePublished":"2018-04-01T10:46:58+00:00","dateModified":"2023-11-30T02:33:36+00:00","breadcrumb":{"@id":"https:\/\/brpini.com.br\/?page_id=298#breadcrumb"},"inLanguage":"pt-BR","potentialAction":[{"@type":"ReadAction","target":["https:\/\/brpini.com.br\/?page_id=298"]}]},{"@type":"BreadcrumbList","@id":"https:\/\/brpini.com.br\/?page_id=298#breadcrumb","itemListElement":[{"@type":"ListItem","position":1,"name":"In\u00edcio","item":"https:\/\/brpini.com.br\/?page_id=102"},{"@type":"ListItem","position":2,"name":"Footer Template &#8211;"}]},{"@type":"WebSite","@id":"https:\/\/brpini.com.br\/#website","url":"https:\/\/brpini.com.br\/","name":"BR Pini","description":"A BRPINI REPRESENTA\u00c7\u00d5ES COMECIAIS, atua no seguimento de constru\u00e7\u00e3o civil e infra estrutura, voltado especificamente para o comercio de TUBOS e CONEX\u00d4ES de PVC, PEAD, Tubos Lisos e Corrugados, Conex\u00f5es Flex\u00edveis e Reparos N\u00e3o Destrutivos.","publisher":{"@id":"https:\/\/brpini.com.br\/#organization"},"potentialAction":[{"@type":"SearchAction","target":{"@type":"EntryPoint","urlTemplate":"https:\/\/brpini.com.br\/?s={search_term_string}"},"query-input":"required name=search_term_string"}],"inLanguage":"pt-BR"},{"@type":"Organization","@id":"https:\/\/brpini.com.br\/#organization","name":"BRPINI - REPRESENTA\u00c7\u00d5ES COMECIAIS","url":"https:\/\/brpini.com.br\/","sameAs":[],"logo":{"@type":"ImageObject","inLanguage":"pt-BR","@id":"https:\/\/brpini.com.br\/#\/schema\/logo\/image\/","url":"https:\/\/brpini.com.br\/wp-content\/uploads\/2022\/10\/BR-Pini.png","contentUrl":"https:\/\/brpini.com.br\/wp-content\/uploads\/2022\/10\/BR-Pini.png","width":515,"height":250,"caption":"BRPINI - REPRESENTA\u00c7\u00d5ES COMECIAIS"},"image":{"@id":"https:\/\/brpini.com.br\/#\/schema\/logo\/image\/"}}]}},"_links":{"self":[{"href":"https:\/\/brpini.com.br\/index.php?rest_route=\/wp\/v2\/pages\/298","targetHints":{"allow":["GET"]}}],"collection":[{"href":"https:\/\/brpini.com.br\/index.php?rest_route=\/wp\/v2\/pages"}],"about":[{"href":"https:\/\/brpini.com.br\/index.php?rest_route=\/wp\/v2\/types\/page"}],"author":[{"embeddable":true,"href":"https:\/\/brpini.com.br\/index.php?rest_route=\/wp\/v2\/users\/1"}],"replies":[{"embeddable":true,"href":"https:\/\/brpini.com.br\/index.php?rest_route=%2Fwp%2Fv2%2Fcomments&post=298"}],"version-history":[{"count":2,"href":"https:\/\/brpini.com.br\/index.php?rest_route=\/wp\/v2\/pages\/298\/revisions"}],"predecessor-version":[{"id":1265,"href":"https:\/\/brpini.com.br\/index.php?rest_route=\/wp\/v2\/pages\/298\/revisions\/1265"}],"wp:attachment":[{"href":"https:\/\/brpini.com.br\/index.php?rest_route=%2Fwp%2Fv2%2Fmedia&parent=298"}],"curies":[{"name":"wp","href":"https:\/\/api.w.org\/{rel}","templated":true}]}}