{"id":344,"date":"2018-04-03T07:06:47","date_gmt":"2018-04-03T07:06:47","guid":{"rendered":"http:\/\/wp\/portfolio-light\/?page_id=344"},"modified":"2018-04-03T07:06:47","modified_gmt":"2018-04-03T07:06:47","slug":"news","status":"publish","type":"page","link":"https:\/\/brpini.com.br\/?page_id=344","title":{"rendered":"News"},"content":{"rendered":"\n<style type=\"text\/css\" data-created_by=\"avia_inline_auto\" id=\"style-css-av-145nae-4e40badba9bd112868df9ac11eb18ba7\">\n.avia-section.av-145nae-4e40badba9bd112868df9ac11eb18ba7{\nbackground-repeat:no-repeat;\nbackground-image:url(https:\/\/brpini.com.br\/wp-content\/uploads\/2018\/05\/hero-blurred.jpg);\nbackground-position:50% 50%;\nbackground-attachment:scroll;\n}\n.avia-section.av-145nae-4e40badba9bd112868df9ac11eb18ba7 .av-section-color-overlay{\nopacity:0.6;\nbackground-color:#084a79;\n}\n<\/style>\n<div id='av_section_1'  class='avia-section av-145nae-4e40badba9bd112868df9ac11eb18ba7 main_color avia-section-default avia-no-border-styling  avia-builder-el-0  el_before_av_section  avia-builder-el-first  avia-full-stretch avia-bg-style-scroll av-section-color-overlay-active av-minimum-height av-minimum-height-custom  container_wrap fullsize'  data-section-bg-repeat='stretch'><div class='av-section-color-overlay-wrap'><div class=\"av-section-color-overlay\"><\/div><div class='container av-section-cont-open' style='height:230px'><main  role=\"main\" itemprop=\"mainContentOfPage\"  class='template-page content  av-content-full alpha units'><div class='post-entry post-entry-type-page post-entry-344'><div class='entry-content-wrapper clearfix'>\n\n<style type=\"text\/css\" data-created_by=\"avia_inline_auto\" id=\"style-css-av-jgf3pjem-ee2a691ebc0a9a100bc99d372a9c72ca\">\n#top .flex_column.av-jgf3pjem-ee2a691ebc0a9a100bc99d372a9c72ca{\nmargin-top:0px;\nmargin-bottom:0px;\n}\n.flex_column.av-jgf3pjem-ee2a691ebc0a9a100bc99d372a9c72ca{\nborder-radius:0px 0px 0px 0px;\n-webkit-border-radius:0px 0px 0px 0px;\n-moz-border-radius:0px 0px 0px 0px;\n}\n.responsive #top #wrap_all .flex_column.av-jgf3pjem-ee2a691ebc0a9a100bc99d372a9c72ca{\nmargin-top:0px;\nmargin-bottom:0px;\n}\n<\/style>\n<div class='flex_column av-jgf3pjem-ee2a691ebc0a9a100bc99d372a9c72ca av_one_full  avia-builder-el-1  avia-builder-el-no-sibling  first flex_column_div  av-animated-generic left-to-right av-zero-column-padding '   ><style type=\"text\/css\" data-created_by=\"avia_inline_auto\" id=\"style-css-av-jgwcagpn-9644fc29aa60852a20b0e677bce05c45\">\n#top .av-special-heading.av-jgwcagpn-9644fc29aa60852a20b0e677bce05c45{\npadding-bottom:0px;\ncolor:#ffffff;\nfont-size:5vw;\n}\nbody .av-special-heading.av-jgwcagpn-9644fc29aa60852a20b0e677bce05c45 .av-special-heading-tag .heading-char{\nfont-size:25px;\n}\n#top #wrap_all .av-special-heading.av-jgwcagpn-9644fc29aa60852a20b0e677bce05c45 .av-special-heading-tag{\nfont-size:5vw;\n}\n.av-special-heading.av-jgwcagpn-9644fc29aa60852a20b0e677bce05c45 .special-heading-inner-border{\nborder-color:#ffffff;\n}\n.av-special-heading.av-jgwcagpn-9644fc29aa60852a20b0e677bce05c45 .av-subheading{\nfont-size:25px;\n}\n<\/style>\n<div  class='av-special-heading av-jgwcagpn-9644fc29aa60852a20b0e677bce05c45 av-special-heading-h2 custom-color-heading blockquote modern-quote modern-centered  avia-builder-el-2  avia-builder-el-no-sibling  av-inherit-size'><h2 class='av-special-heading-tag'  itemprop=\"headline\"  >Latest News<\/h2><div class=\"special-heading-border\"><div class=\"special-heading-inner-border\"><\/div><\/div><\/div><\/div>\n\n<\/div><\/div><\/main><!-- close content main element --><\/div><\/div><\/div><div id='av_section_2'  class='avia-section av-145nae-e484183ac2512e581c4d3ad1f4531c95 main_color avia-section-huge avia-no-shadow  avia-builder-el-3  el_after_av_section  avia-builder-el-last  avia-bg-style-scroll container_wrap fullsize'  ><div class='container av-section-cont-open' ><div class='template-page content  av-content-full alpha units'><div class='post-entry post-entry-type-page post-entry-344'><div class='entry-content-wrapper clearfix'>\n\n<style type=\"text\/css\" data-created_by=\"avia_inline_auto\" id=\"style-css-av-jfg5nepn-bd97e5ba368539c77ab80242598ca79d\">\n#top .flex_column.av-jfg5nepn-bd97e5ba368539c77ab80242598ca79d{\nmargin-top:0px;\nmargin-bottom:0px;\n}\n.flex_column.av-jfg5nepn-bd97e5ba368539c77ab80242598ca79d{\nborder-radius:0px 0px 0px 0px;\n-webkit-border-radius:0px 0px 0px 0px;\n-moz-border-radius:0px 0px 0px 0px;\n}\n.responsive #top #wrap_all .flex_column.av-jfg5nepn-bd97e5ba368539c77ab80242598ca79d{\nmargin-top:0px;\nmargin-bottom:0px;\n}\n<\/style>\n<div class='flex_column av-jfg5nepn-bd97e5ba368539c77ab80242598ca79d av_one_full  avia-builder-el-4  avia-builder-el-no-sibling  first flex_column_div  av-animated-generic fade-in av-zero-column-padding '   ><div id='av-masonry-1' class='av-masonry av-jfjbn9h2-f1519a651c0c019d53f994a90123429e noHover av-fixed-size av-large-gap av-hover-overlay-active av-masonry-animation-active av-masonry-col-4 av-caption-always av-caption-style- av-masonry-entries av-orientation-portrait-large '><div class=\"av-masonry-container isotope av-js-disabled\"><div class='av-masonry-entry isotope-item av-masonry-item-no-image '><\/div><a href=\"https:\/\/brpini.com.br\/?p=1\"  id='av-masonry-1-item-1' data-av-masonry-item='1' class='av-masonry-entry isotope-item post-1 post type-post status-publish format-standard hentry category-sem-categoria  av-masonry-item-no-image' title=\"Ol\u00e1, mundo!\"  itemscope=\"itemscope\" itemtype=\"https:\/\/schema.org\/CreativeWork\" ><div class='av-inner-masonry-sizer'><\/div><figure class='av-inner-masonry main_color'><figcaption class='av-inner-masonry-content site-background'><div class='av-inner-masonry-content-pos'><div class='av-inner-masonry-content-pos-content'><div class='avia-arrow'><\/div><h3 class='av-masonry-entry-title entry-title '  itemprop=\"headline\" >Ol\u00e1, mundo!<\/h3><div class='av-masonry-entry-content entry-content'  itemprop=\"text\" >Boas-vindas ao WordPress. Esse \u00e9 o seu primeiro post. Edite-o\u2026<\/div><span class='av-masonry-date meta-color updated'>12 de abril de 2022<\/span><span class=\"av-masonry-text-sep text-sep-author\">\/<\/span><span class='av-masonry-author meta-color author'><span class='fn'>por exacta<\/span><\/span><\/div><\/div><\/figcaption><\/figure><\/a><!--end av-masonry entry--><a href=\"https:\/\/brpini.com.br\/?p=606\"  id='av-masonry-1-item-606' data-av-masonry-item='606' class='av-masonry-entry isotope-item post-606 post type-post status-publish format-standard has-post-thumbnail hentry category-uncategorized  av-masonry-item-with-image' title=\"services3\"  itemscope=\"itemscope\" itemtype=\"https:\/\/schema.org\/CreativeWork\" ><div class='av-inner-masonry-sizer'><\/div><figure class='av-inner-masonry main_color'><div class=\"av-masonry-outerimage-container\"><div class='av-masonry-image-container' style=\"background-image: url(https:\/\/brpini.com.br\/wp-content\/uploads\/2018\/05\/services3-705x705.jpg);\"  title=\"services3\"  ><\/div><\/div><figcaption class='av-inner-masonry-content site-background'><div class='av-inner-masonry-content-pos'><div class='av-inner-masonry-content-pos-content'><div class='avia-arrow'><\/div><h3 class='av-masonry-entry-title entry-title '  itemprop=\"headline\" >Invitation!<\/h3><div class='av-masonry-entry-content entry-content'  itemprop=\"text\" >Welcome my Friends! This is your first post. Edit or delete it, then start blogging!<\/div><span class='av-masonry-date meta-color updated'>17 de abril de 2018<\/span><span class=\"av-masonry-text-sep text-sep-author\">\/<\/span><span class='av-masonry-author meta-color author'><span class='fn'>por exacta<\/span><\/span><\/div><\/div><\/figcaption><\/figure><\/a><!--end av-masonry entry--><a href=\"https:\/\/brpini.com.br\/?p=51\"  id='av-masonry-1-item-51' data-av-masonry-item='51' class='av-masonry-entry isotope-item post-51 post type-post status-publish format-audio has-post-thumbnail hentry category-news category-personal tag-food tag-fun post_format-post-format-audio  av-masonry-item-with-image' title=\"services1\"  itemscope=\"itemscope\" itemtype=\"https:\/\/schema.org\/CreativeWork\" ><div class='av-inner-masonry-sizer'><\/div><figure class='av-inner-masonry main_color'><div class=\"av-masonry-outerimage-container\"><div class='av-masonry-image-container' style=\"background-image: url(https:\/\/brpini.com.br\/wp-content\/uploads\/2018\/05\/services1-705x705.jpg);\"  title=\"services1\"  ><\/div><\/div><figcaption class='av-inner-masonry-content site-background'><div class='av-inner-masonry-content-pos'><div class='av-inner-masonry-content-pos-content'><div class='avia-arrow'><\/div><span class='av-icon-display av-masonry-media' aria-hidden='true' data-av_icon='\ue801' data-av_iconfont='entypo-fontello'><\/span><h3 class='av-masonry-entry-title entry-title '  itemprop=\"headline\" >Entry with Audio<\/h3><div class='av-masonry-entry-content entry-content'  itemprop=\"text\" >Lorem ipsum dolor sit amet, consectetuer adipiscing elit. Aenean\u2026<\/div><span class='av-masonry-date meta-color updated'>11 de maio de 2015<\/span><span class=\"av-masonry-text-sep text-sep-author\">\/<\/span><span class='av-masonry-author meta-color author'><span class='fn'>por exacta<\/span><\/span><\/div><\/div><\/figcaption><\/figure><\/a><!--end av-masonry entry--><a href=\"https:\/\/brpini.com.br\/?p=40\"  id='av-masonry-1-item-40' data-av-masonry-item='40' class='av-masonry-entry isotope-item post-40 post type-post status-publish format-gallery has-post-thumbnail hentry category-news category-personal tag-food tag-fun post_format-post-format-gallery  av-masonry-item-with-image' title=\"team3\"  itemscope=\"itemscope\" itemtype=\"https:\/\/schema.org\/CreativeWork\" ><div class='av-inner-masonry-sizer'><\/div><figure class='av-inner-masonry main_color'><div class=\"av-masonry-outerimage-container\"><div class='av-masonry-image-container' style=\"background-image: url(https:\/\/brpini.com.br\/wp-content\/uploads\/2018\/05\/team3-479x705.jpg);\"  title=\"team3\"  ><\/div><\/div><figcaption class='av-inner-masonry-content site-background'><div class='av-inner-masonry-content-pos'><div class='av-inner-masonry-content-pos-content'><div class='avia-arrow'><\/div><h3 class='av-masonry-entry-title entry-title '  itemprop=\"headline\" >A small gallery<\/h3><div class='av-masonry-entry-content entry-content'  itemprop=\"text\" >Lorem ipsum dolor sit amet, consectetuer adipiscing elit. Aenean\u2026<\/div><span class='av-masonry-date meta-color updated'>24 de janeiro de 2015<\/span><span class=\"av-masonry-text-sep text-sep-author\">\/<\/span><span class='av-masonry-author meta-color author'><span class='fn'>por exacta<\/span><\/span><\/div><\/div><\/figcaption><\/figure><\/a><!--end av-masonry entry--><a href=\"https:\/\/brpini.com.br\/?p=68\"  id='av-masonry-1-item-68' data-av-masonry-item='68' class='av-masonry-entry isotope-item post-68 post type-post status-publish format-standard has-post-thumbnail hentry category-news tag-food tag-fun  av-masonry-item-with-image' title=\"hero2-bw\"  itemscope=\"itemscope\" itemtype=\"https:\/\/schema.org\/CreativeWork\" ><div class='av-inner-masonry-sizer'><\/div><figure class='av-inner-masonry main_color'><div class=\"av-masonry-outerimage-container\"><div class='av-masonry-image-container' style=\"background-image: url(https:\/\/brpini.com.br\/wp-content\/uploads\/2018\/05\/hero2-bw-705x294.png);\"  title=\"hero2-bw\"  ><\/div><\/div><figcaption class='av-inner-masonry-content site-background'><div class='av-inner-masonry-content-pos'><div class='av-inner-masonry-content-pos-content'><div class='avia-arrow'><\/div><h3 class='av-masonry-entry-title entry-title '  itemprop=\"headline\" >A nice entry<\/h3><div class='av-masonry-entry-content entry-content'  itemprop=\"text\" >Lorem ipsum dolor sit amet, consectetuer adipiscing elit. Aenean\u2026<\/div><span class='av-masonry-date meta-color updated'>24 de agosto de 2014<\/span><span class=\"av-masonry-text-sep text-sep-author\">\/<\/span><span class='av-masonry-author meta-color author'><span class='fn'>por exacta<\/span><\/span><\/div><\/div><\/figcaption><\/figure><\/a><!--end av-masonry entry--><a href=\"https:\/\/brpini.com.br\/?p=49\"  id='av-masonry-1-item-49' data-av-masonry-item='49' class='av-masonry-entry isotope-item post-49 post type-post status-publish format-standard hentry category-news tag-food tag-fun  av-masonry-item-no-image' title=\"Entry without preview image\"  itemscope=\"itemscope\" itemtype=\"https:\/\/schema.org\/CreativeWork\" ><div class='av-inner-masonry-sizer'><\/div><figure class='av-inner-masonry main_color'><figcaption class='av-inner-masonry-content site-background'><div class='av-inner-masonry-content-pos'><div class='av-inner-masonry-content-pos-content'><div class='avia-arrow'><\/div><h3 class='av-masonry-entry-title entry-title '  itemprop=\"headline\" >Entry without preview image<\/h3><div class='av-masonry-entry-content entry-content'  itemprop=\"text\" >Lorem ipsum dolor sit amet, consectetuer adipiscing elit. Aenean\u2026<\/div><span class='av-masonry-date meta-color updated'>12 de fevereiro de 2014<\/span><span class=\"av-masonry-text-sep text-sep-author\">\/<\/span><span class='av-masonry-author meta-color author'><span class='fn'>por exacta<\/span><\/span><\/div><\/div><\/figcaption><\/figure><\/a><!--end av-masonry entry--><a href=\"https:\/\/brpini.com.br\/?p=47\"  id='av-masonry-1-item-47' data-av-masonry-item='47' class='av-masonry-entry isotope-item post-47 post type-post status-publish format-video has-post-thumbnail hentry category-personal tag-food tag-fun post_format-post-format-video  av-masonry-item-with-image' title=\"services2\"  itemscope=\"itemscope\" itemtype=\"https:\/\/schema.org\/CreativeWork\" ><div class='av-inner-masonry-sizer'><\/div><figure class='av-inner-masonry main_color'><div class=\"av-masonry-outerimage-container\"><div class='av-masonry-image-container' style=\"background-image: url(https:\/\/brpini.com.br\/wp-content\/uploads\/2018\/05\/services2-705x705.jpg);\"  title=\"services2\"  ><\/div><\/div><figcaption class='av-inner-masonry-content site-background'><div class='av-inner-masonry-content-pos'><div class='av-inner-masonry-content-pos-content'><div class='avia-arrow'><\/div><span class='av-icon-display av-masonry-media' aria-hidden='true' data-av_icon='\ue80d' data-av_iconfont='entypo-fontello'><\/span><h3 class='av-masonry-entry-title entry-title '  itemprop=\"headline\" >Entry with Post Format &#8220;Video&#8221;<\/h3><div class='av-masonry-entry-content entry-content'  itemprop=\"text\" >http:\/\/vimeo.com\/groups\/stockfootage\/videos\/41629603<br \/>\n<br \/>\nLorem ipsum\u2026<\/div><span class='av-masonry-date meta-color updated'>24 de dezembro de 2013<\/span><span class=\"av-masonry-text-sep text-sep-author\">\/<\/span><span class='av-masonry-author meta-color author'><span class='fn'>por exacta<\/span><\/span><\/div><\/div><\/figcaption><\/figure><\/a><!--end av-masonry entry--><a href=\"http:\/\/www.kriesi.at\"  id='av-masonry-1-item-36' data-av-masonry-item='36' class='av-masonry-entry isotope-item post-36 post type-post status-publish format-link has-post-thumbnail hentry category-news tag-food tag-fun post_format-post-format-link  av-masonry-item-with-image' title=\"services1\"  itemscope=\"itemscope\" itemtype=\"https:\/\/schema.org\/CreativeWork\" ><div class='av-inner-masonry-sizer'><\/div><figure class='av-inner-masonry main_color'><div class=\"av-masonry-outerimage-container\"><div class='av-masonry-image-container' style=\"background-image: url(https:\/\/brpini.com.br\/wp-content\/uploads\/2018\/05\/services1-705x705.jpg);\"  title=\"services1\"  ><\/div><\/div><figcaption class='av-inner-masonry-content site-background'><div class='av-inner-masonry-content-pos'><div class='av-inner-masonry-content-pos-content'><div class='avia-arrow'><\/div><h3 class='av-masonry-entry-title entry-title '  itemprop=\"headline\" >This is a post with post type &#8220;Link&#8221;<\/h3><div class='av-masonry-entry-content entry-content'  itemprop=\"text\" >\n<blockquote>Entries with this post type link to a different page with their headline.\u00a0Lorem ipsum dolor sit amet, consectetuer adipiscing elit. Aenean commodo ligula eget dolor.<\/blockquote><\/div><span class='av-masonry-date meta-color updated'>24 de agosto de 2012<\/span><span class=\"av-masonry-text-sep text-sep-author\">\/<\/span><span class='av-masonry-author meta-color author'><span class='fn'>por exacta<\/span><\/span><\/div><\/div><\/figcaption><\/figure><\/a><!--end av-masonry entry--><\/div><div class='av-masonry-pagination av-masonry-pagination-pagination'><nav class='pagination'><span class='pagination-meta'>P\u00e1gina 1 de 2<\/span><span class='current'>1<\/span><a href='https:\/\/brpini.com.br\/index.php?rest_route=%2Fwp%2Fv2%2Fpages%2F344&#038;avia-element-paging=2' class='inactive next_page' >2<\/a><\/nav>\n<\/div><\/div><\/div>\n\n","protected":false},"excerpt":{"rendered":"","protected":false},"author":1,"featured_media":0,"parent":0,"menu_order":0,"comment_status":"closed","ping_status":"closed","template":"","meta":{"footnotes":""},"class_list":["post-344","page","type-page","status-publish","hentry"],"yoast_head":"<!-- This site is optimized with the Yoast SEO plugin v19.8 - https:\/\/yoast.com\/wordpress\/plugins\/seo\/ -->\n<title>News - BR Pini<\/title>\n<meta name=\"robots\" content=\"index, follow, max-snippet:-1, max-image-preview:large, max-video-preview:-1\" \/>\n<link rel=\"canonical\" href=\"https:\/\/brpini.com.br\/?page_id=344\" \/>\n<meta property=\"og:locale\" content=\"pt_BR\" \/>\n<meta property=\"og:type\" content=\"article\" \/>\n<meta property=\"og:title\" content=\"News - BR Pini\" \/>\n<meta property=\"og:url\" content=\"https:\/\/brpini.com.br\/?page_id=344\" \/>\n<meta property=\"og:site_name\" content=\"BR Pini\" \/>\n<meta name=\"twitter:card\" content=\"summary_large_image\" \/>\n<meta name=\"twitter:label1\" content=\"Est. tempo de leitura\" \/>\n\t<meta name=\"twitter:data1\" content=\"3 minutos\" \/>\n<script type=\"application\/ld+json\" class=\"yoast-schema-graph\">{\"@context\":\"https:\/\/schema.org\",\"@graph\":[{\"@type\":\"WebPage\",\"@id\":\"https:\/\/brpini.com.br\/?page_id=344\",\"url\":\"https:\/\/brpini.com.br\/?page_id=344\",\"name\":\"News - BR Pini\",\"isPartOf\":{\"@id\":\"https:\/\/brpini.com.br\/#website\"},\"datePublished\":\"2018-04-03T07:06:47+00:00\",\"dateModified\":\"2018-04-03T07:06:47+00:00\",\"breadcrumb\":{\"@id\":\"https:\/\/brpini.com.br\/?page_id=344#breadcrumb\"},\"inLanguage\":\"pt-BR\",\"potentialAction\":[{\"@type\":\"ReadAction\",\"target\":[\"https:\/\/brpini.com.br\/?page_id=344\"]}]},{\"@type\":\"BreadcrumbList\",\"@id\":\"https:\/\/brpini.com.br\/?page_id=344#breadcrumb\",\"itemListElement\":[{\"@type\":\"ListItem\",\"position\":1,\"name\":\"In\u00edcio\",\"item\":\"https:\/\/brpini.com.br\/?page_id=102\"},{\"@type\":\"ListItem\",\"position\":2,\"name\":\"News\"}]},{\"@type\":\"WebSite\",\"@id\":\"https:\/\/brpini.com.br\/#website\",\"url\":\"https:\/\/brpini.com.br\/\",\"name\":\"BR Pini\",\"description\":\"A BRPINI REPRESENTA\u00c7\u00d5ES COMECIAIS, atua no seguimento de constru\u00e7\u00e3o civil e infra estrutura, voltado especificamente para o comercio de TUBOS e CONEX\u00d4ES de PVC, PEAD, Tubos Lisos e Corrugados, Conex\u00f5es Flex\u00edveis e Reparos N\u00e3o Destrutivos.\",\"publisher\":{\"@id\":\"https:\/\/brpini.com.br\/#organization\"},\"potentialAction\":[{\"@type\":\"SearchAction\",\"target\":{\"@type\":\"EntryPoint\",\"urlTemplate\":\"https:\/\/brpini.com.br\/?s={search_term_string}\"},\"query-input\":\"required name=search_term_string\"}],\"inLanguage\":\"pt-BR\"},{\"@type\":\"Organization\",\"@id\":\"https:\/\/brpini.com.br\/#organization\",\"name\":\"BRPINI - REPRESENTA\u00c7\u00d5ES COMECIAIS\",\"url\":\"https:\/\/brpini.com.br\/\",\"sameAs\":[],\"logo\":{\"@type\":\"ImageObject\",\"inLanguage\":\"pt-BR\",\"@id\":\"https:\/\/brpini.com.br\/#\/schema\/logo\/image\/\",\"url\":\"https:\/\/brpini.com.br\/wp-content\/uploads\/2022\/10\/BR-Pini.png\",\"contentUrl\":\"https:\/\/brpini.com.br\/wp-content\/uploads\/2022\/10\/BR-Pini.png\",\"width\":515,\"height\":250,\"caption\":\"BRPINI - REPRESENTA\u00c7\u00d5ES COMECIAIS\"},\"image\":{\"@id\":\"https:\/\/brpini.com.br\/#\/schema\/logo\/image\/\"}}]}<\/script>\n<!-- \/ Yoast SEO plugin. -->","yoast_head_json":{"title":"News - BR Pini","robots":{"index":"index","follow":"follow","max-snippet":"max-snippet:-1","max-image-preview":"max-image-preview:large","max-video-preview":"max-video-preview:-1"},"canonical":"https:\/\/brpini.com.br\/?page_id=344","og_locale":"pt_BR","og_type":"article","og_title":"News - BR Pini","og_url":"https:\/\/brpini.com.br\/?page_id=344","og_site_name":"BR Pini","twitter_card":"summary_large_image","twitter_misc":{"Est. tempo de leitura":"3 minutos"},"schema":{"@context":"https:\/\/schema.org","@graph":[{"@type":"WebPage","@id":"https:\/\/brpini.com.br\/?page_id=344","url":"https:\/\/brpini.com.br\/?page_id=344","name":"News - BR Pini","isPartOf":{"@id":"https:\/\/brpini.com.br\/#website"},"datePublished":"2018-04-03T07:06:47+00:00","dateModified":"2018-04-03T07:06:47+00:00","breadcrumb":{"@id":"https:\/\/brpini.com.br\/?page_id=344#breadcrumb"},"inLanguage":"pt-BR","potentialAction":[{"@type":"ReadAction","target":["https:\/\/brpini.com.br\/?page_id=344"]}]},{"@type":"BreadcrumbList","@id":"https:\/\/brpini.com.br\/?page_id=344#breadcrumb","itemListElement":[{"@type":"ListItem","position":1,"name":"In\u00edcio","item":"https:\/\/brpini.com.br\/?page_id=102"},{"@type":"ListItem","position":2,"name":"News"}]},{"@type":"WebSite","@id":"https:\/\/brpini.com.br\/#website","url":"https:\/\/brpini.com.br\/","name":"BR Pini","description":"A BRPINI REPRESENTA\u00c7\u00d5ES COMECIAIS, atua no seguimento de constru\u00e7\u00e3o civil e infra estrutura, voltado especificamente para o comercio de TUBOS e CONEX\u00d4ES de PVC, PEAD, Tubos Lisos e Corrugados, Conex\u00f5es Flex\u00edveis e Reparos N\u00e3o Destrutivos.","publisher":{"@id":"https:\/\/brpini.com.br\/#organization"},"potentialAction":[{"@type":"SearchAction","target":{"@type":"EntryPoint","urlTemplate":"https:\/\/brpini.com.br\/?s={search_term_string}"},"query-input":"required name=search_term_string"}],"inLanguage":"pt-BR"},{"@type":"Organization","@id":"https:\/\/brpini.com.br\/#organization","name":"BRPINI - REPRESENTA\u00c7\u00d5ES COMECIAIS","url":"https:\/\/brpini.com.br\/","sameAs":[],"logo":{"@type":"ImageObject","inLanguage":"pt-BR","@id":"https:\/\/brpini.com.br\/#\/schema\/logo\/image\/","url":"https:\/\/brpini.com.br\/wp-content\/uploads\/2022\/10\/BR-Pini.png","contentUrl":"https:\/\/brpini.com.br\/wp-content\/uploads\/2022\/10\/BR-Pini.png","width":515,"height":250,"caption":"BRPINI - REPRESENTA\u00c7\u00d5ES COMECIAIS"},"image":{"@id":"https:\/\/brpini.com.br\/#\/schema\/logo\/image\/"}}]}},"_links":{"self":[{"href":"https:\/\/brpini.com.br\/index.php?rest_route=\/wp\/v2\/pages\/344","targetHints":{"allow":["GET"]}}],"collection":[{"href":"https:\/\/brpini.com.br\/index.php?rest_route=\/wp\/v2\/pages"}],"about":[{"href":"https:\/\/brpini.com.br\/index.php?rest_route=\/wp\/v2\/types\/page"}],"author":[{"embeddable":true,"href":"https:\/\/brpini.com.br\/index.php?rest_route=\/wp\/v2\/users\/1"}],"replies":[{"embeddable":true,"href":"https:\/\/brpini.com.br\/index.php?rest_route=%2Fwp%2Fv2%2Fcomments&post=344"}],"version-history":[{"count":1,"href":"https:\/\/brpini.com.br\/index.php?rest_route=\/wp\/v2\/pages\/344\/revisions"}],"predecessor-version":[{"id":1148,"href":"https:\/\/brpini.com.br\/index.php?rest_route=\/wp\/v2\/pages\/344\/revisions\/1148"}],"wp:attachment":[{"href":"https:\/\/brpini.com.br\/index.php?rest_route=%2Fwp%2Fv2%2Fmedia&parent=344"}],"curies":[{"name":"wp","href":"https:\/\/api.w.org\/{rel}","templated":true}]}}