{"id":814,"date":"2018-05-03T15:17:53","date_gmt":"2018-05-03T15:17:53","guid":{"rendered":"http:\/\/wpoffice\/enfold-lawyer\/?page_id=814"},"modified":"2018-05-03T15:17:53","modified_gmt":"2018-05-03T15:17:53","slug":"our-lawyers","status":"publish","type":"page","link":"https:\/\/brpini.com.br\/?page_id=814","title":{"rendered":"Our Lawyers"},"content":{"rendered":"\n<style type=\"text\/css\" data-created_by=\"avia_inline_auto\" id=\"style-css-av-145nae-08d6bf221d99de766227913cdb5b9ee3\">\n.avia-section.av-145nae-08d6bf221d99de766227913cdb5b9ee3{\nbackground-repeat:no-repeat;\nbackground-image:url(https:\/\/brpini.com.br\/wp-content\/uploads\/2018\/05\/hero-skyscraper.jpg);\nbackground-position:50% 50%;\nbackground-attachment:scroll;\n}\n.avia-section.av-145nae-08d6bf221d99de766227913cdb5b9ee3 .av-section-color-overlay{\nopacity:0.6;\nbackground-color:#084a79;\n}\n<\/style>\n<div id='av_section_1'  class='avia-section av-145nae-08d6bf221d99de766227913cdb5b9ee3 main_color avia-section-default avia-no-border-styling  avia-builder-el-0  el_before_av_section  avia-builder-el-first  avia-full-stretch avia-bg-style-scroll av-section-color-overlay-active av-minimum-height av-minimum-height-custom  container_wrap fullsize'  data-section-bg-repeat='stretch'><div class='av-section-color-overlay-wrap'><div class=\"av-section-color-overlay\"><\/div><div class='container av-section-cont-open' style='height:230px'><main  role=\"main\" itemprop=\"mainContentOfPage\"  class='template-page content  av-content-full alpha units'><div class='post-entry post-entry-type-page post-entry-814'><div class='entry-content-wrapper clearfix'>\n\n<style type=\"text\/css\" data-created_by=\"avia_inline_auto\" id=\"style-css-av-jgf3pjem-ee2a691ebc0a9a100bc99d372a9c72ca\">\n#top .flex_column.av-jgf3pjem-ee2a691ebc0a9a100bc99d372a9c72ca{\nmargin-top:0px;\nmargin-bottom:0px;\n}\n.flex_column.av-jgf3pjem-ee2a691ebc0a9a100bc99d372a9c72ca{\nborder-radius:0px 0px 0px 0px;\n-webkit-border-radius:0px 0px 0px 0px;\n-moz-border-radius:0px 0px 0px 0px;\n}\n.responsive #top #wrap_all .flex_column.av-jgf3pjem-ee2a691ebc0a9a100bc99d372a9c72ca{\nmargin-top:0px;\nmargin-bottom:0px;\n}\n<\/style>\n<div class='flex_column av-jgf3pjem-ee2a691ebc0a9a100bc99d372a9c72ca av_one_full  avia-builder-el-1  avia-builder-el-no-sibling  first flex_column_div  av-animated-generic left-to-right av-zero-column-padding '   ><style type=\"text\/css\" data-created_by=\"avia_inline_auto\" id=\"style-css-av-jgwbymah-41607766e6570cc75f9b591dd79901aa\">\n#top .av-special-heading.av-jgwbymah-41607766e6570cc75f9b591dd79901aa{\npadding-bottom:0px;\ncolor:#ffffff;\nfont-size:5vw;\n}\nbody .av-special-heading.av-jgwbymah-41607766e6570cc75f9b591dd79901aa .av-special-heading-tag .heading-char{\nfont-size:25px;\n}\n#top #wrap_all .av-special-heading.av-jgwbymah-41607766e6570cc75f9b591dd79901aa .av-special-heading-tag{\nfont-size:5vw;\n}\n.av-special-heading.av-jgwbymah-41607766e6570cc75f9b591dd79901aa .special-heading-inner-border{\nborder-color:#ffffff;\n}\n.av-special-heading.av-jgwbymah-41607766e6570cc75f9b591dd79901aa .av-subheading{\nfont-size:25px;\n}\n<\/style>\n<div  class='av-special-heading av-jgwbymah-41607766e6570cc75f9b591dd79901aa av-special-heading-h2 custom-color-heading blockquote modern-quote modern-centered  avia-builder-el-2  avia-builder-el-no-sibling  av-inherit-size'><h2 class='av-special-heading-tag'  itemprop=\"headline\"  >Our Lawyers<\/h2><div class=\"special-heading-border\"><div class=\"special-heading-inner-border\"><\/div><\/div><\/div><\/div>\n\n<\/div><\/div><\/main><!-- close content main element --><\/div><\/div><\/div><div id='av_section_2'  class='avia-section av-qet8u-83147d0d40d9d249d4aacaaedd222aa0 main_color avia-section-huge avia-no-border-styling  avia-builder-el-3  el_after_av_section  el_before_av_layout_row  avia-bg-style-scroll container_wrap fullsize'  ><div class='container av-section-cont-open' ><div class='template-page content  av-content-full alpha units'><div class='post-entry post-entry-type-page post-entry-814'><div class='entry-content-wrapper clearfix'>\n\n<style type=\"text\/css\" data-created_by=\"avia_inline_auto\" id=\"style-css-av-9wkhy-5a7b8f1de5feaad957d748638c881472\">\n#top .flex_column.av-9wkhy-5a7b8f1de5feaad957d748638c881472{\nmargin-top:0px;\nmargin-bottom:0px;\n}\n.flex_column.av-9wkhy-5a7b8f1de5feaad957d748638c881472{\nborder-radius:3px 3px 3px 3px;\n-webkit-border-radius:3px 3px 3px 3px;\n-moz-border-radius:3px 3px 3px 3px;\n}\n.responsive #top #wrap_all .flex_column.av-9wkhy-5a7b8f1de5feaad957d748638c881472{\nmargin-top:0px;\nmargin-bottom:0px;\n}\n<\/style>\n<div class='flex_column av-9wkhy-5a7b8f1de5feaad957d748638c881472 av_one_half  avia-builder-el-4  el_before_av_one_half  avia-builder-el-first  first flex_column_div  av-animated-generic left-to-right av-zero-column-padding '   ><p>\n<style type=\"text\/css\" data-created_by=\"avia_inline_auto\" id=\"style-css-av-gelfi-e7676999a1d32c87ec91d7598e547dd4\">\n#top .av-special-heading.av-gelfi-e7676999a1d32c87ec91d7598e547dd4{\nmargin:15px 0 0 0;\npadding-bottom:10px;\n}\nbody .av-special-heading.av-gelfi-e7676999a1d32c87ec91d7598e547dd4 .av-special-heading-tag .heading-char{\nfont-size:25px;\n}\n.av-special-heading.av-gelfi-e7676999a1d32c87ec91d7598e547dd4 .av-subheading{\nfont-size:15px;\n}\n<\/style>\n<div  class='av-special-heading av-gelfi-e7676999a1d32c87ec91d7598e547dd4 av-special-heading-h2 blockquote modern-quote  avia-builder-el-5  el_before_av_textblock  avia-builder-el-first '><h2 class='av-special-heading-tag'  itemprop=\"headline\"  >Our Team&#8230;<\/h2><div class=\"special-heading-border\"><div class=\"special-heading-inner-border\"><\/div><\/div><\/div><br \/>\n<section  class='av_textblock_section av-jgds8wgh-e94cb4f43a1577acbbbb0d0c313c66b5'  itemscope=\"itemscope\" itemtype=\"https:\/\/schema.org\/CreativeWork\" ><div class='avia_textblock'  itemprop=\"text\" ><p>Lorem ipsum dolor sit amet, consectetuer adipiscing elit. Aenean commodo ligula eget dolor. Aenean massa. Cum sociis natoque penatibus et magnis dis<strong> parturient montes<\/strong>, nascetur ridiculus mus.<\/p>\n<p>Donec quam felis, ultricies nec, pellentesque. Nulla <a href=\"#\">consequat massa<\/a> quis enim.<\/p>\n<\/div><\/section><\/p><\/div>\n<style type=\"text\/css\" data-created_by=\"avia_inline_auto\" id=\"style-css-av-9wkhy-f1e0f7074a56a37793812995879b8d49\">\n#top .flex_column.av-9wkhy-f1e0f7074a56a37793812995879b8d49{\nmargin-top:0px;\nmargin-bottom:0px;\n}\n.flex_column.av-9wkhy-f1e0f7074a56a37793812995879b8d49{\nborder-radius:3px 3px 3px 3px;\n-webkit-border-radius:3px 3px 3px 3px;\n-moz-border-radius:3px 3px 3px 3px;\n}\n.responsive #top #wrap_all .flex_column.av-9wkhy-f1e0f7074a56a37793812995879b8d49{\nmargin-top:0px;\nmargin-bottom:0px;\n}\n<\/style>\n<div class='flex_column av-9wkhy-f1e0f7074a56a37793812995879b8d49 av_one_half  avia-builder-el-7  el_after_av_one_half  el_before_av_hr  flex_column_div  av-animated-generic left-to-right av-zero-column-padding '   ><p>\n<style type=\"text\/css\" data-created_by=\"avia_inline_auto\" id=\"style-css-av-7lm5y-3ccc55699225745ac79e8b99bb66a013\">\n#top .av-special-heading.av-7lm5y-3ccc55699225745ac79e8b99bb66a013{\nmargin:15px 0 0 0;\npadding-bottom:10px;\n}\nbody .av-special-heading.av-7lm5y-3ccc55699225745ac79e8b99bb66a013 .av-special-heading-tag .heading-char{\nfont-size:25px;\n}\n.av-special-heading.av-7lm5y-3ccc55699225745ac79e8b99bb66a013 .av-subheading{\nfont-size:15px;\n}\n<\/style>\n<div  class='av-special-heading av-7lm5y-3ccc55699225745ac79e8b99bb66a013 av-special-heading-h2 blockquote modern-quote  avia-builder-el-8  el_before_av_textblock  avia-builder-el-first '><h2 class='av-special-heading-tag'  itemprop=\"headline\"  >Want to join?<\/h2><div class=\"special-heading-border\"><div class=\"special-heading-inner-border\"><\/div><\/div><\/div><br \/>\n<section  class='av_textblock_section av-jgds8wgh-e94cb4f43a1577acbbbb0d0c313c66b5'  itemscope=\"itemscope\" itemtype=\"https:\/\/schema.org\/CreativeWork\" ><div class='avia_textblock'  itemprop=\"text\" ><p>Donec pede justo, fringilla vel, aliquet nec, vulputate eget, arcu. In enim justo, rhoncus ut, imperdiet a, venenatis vitae, justo.<\/p>\n<p>Nullam dictum felis eu pede mollis pretium. Integer <strong>tincidunt<\/strong>. Cras dapibus. Vivamus elementum semper nisi. Aenean vulputate eleifend tellus.<\/p>\n<\/div><\/section><\/p><\/div>\n<style type=\"text\/css\" data-created_by=\"avia_inline_auto\" id=\"style-css-av-jgf4q5kq-7b726742ee00376ac3283a38e343dd3e\">\n#top .hr.av-jgf4q5kq-7b726742ee00376ac3283a38e343dd3e{\nmargin-top:50px;\nmargin-bottom:0px;\n}\n.hr.av-jgf4q5kq-7b726742ee00376ac3283a38e343dd3e .hr-inner{\nwidth:50px;\nborder-color:#d3d3d3;\nmax-width:45%;\n}\n.hr.av-jgf4q5kq-7b726742ee00376ac3283a38e343dd3e .av-seperator-icon{\ncolor:#072f4c;\n}\n<\/style>\n<div  class='hr av-jgf4q5kq-7b726742ee00376ac3283a38e343dd3e hr-custom  avia-builder-el-10  el_after_av_one_half  avia-builder-el-last  hr-center hr-icon-yes'><span class='hr-inner inner-border-av-border-thin'><span class=\"hr-inner-style\"><\/span><\/span><span class='av-seperator-icon' aria-hidden='true' data-av_icon='\uf119' data-av_iconfont='justice'><\/span><span class='hr-inner inner-border-av-border-thin'><span class=\"hr-inner-style\"><\/span><\/span><\/div>\n\n<\/div><\/div><\/div><!-- close content main div --><\/div><\/div><div id='av-layout-grid-1'  class='av-layout-grid-container av-81u0ml-c86c8ba1ebfcfde64938c0665b20e1b5 entry-content-wrapper main_color av-flex-cells  avia-builder-el-11  el_after_av_section  el_before_av_layout_row  grid-row-not-first  container_wrap fullsize'  >\n\n<style type=\"text\/css\" data-created_by=\"avia_inline_auto\" id=\"style-css-av-skimt-bbd3ad0e616417b5db72c68ca1bcc344\">\n.flex_cell.av-skimt-bbd3ad0e616417b5db72c68ca1bcc344{\nvertical-align:middle;\npadding:180px 60px 180px 60px;\nbackground:url(https:\/\/brpini.com.br\/wp-content\/uploads\/2018\/05\/team3-696x1024.jpg) 50% 0% no-repeat scroll ;\n}\n<\/style>\n<div class='flex_cell av_one_third av-skimt-bbd3ad0e616417b5db72c68ca1bcc344 no_margin  avia-builder-el-12  el_before_av_cell_two_third  avia-builder-el-first  avia-full-stretch' ><div class='flex_cell_inner'><\/div><\/div>\n<style type=\"text\/css\" data-created_by=\"avia_inline_auto\" id=\"style-css-av-7pnuph-77decd30caa973e922ded4c3b7381b25\">\n.flex_cell.av-7pnuph-77decd30caa973e922ded4c3b7381b25{\nvertical-align:middle;\npadding:60px 60px 60px 60px;\n}\n<\/style>\n<div class='flex_cell av_two_third av-7pnuph-77decd30caa973e922ded4c3b7381b25 no_margin  avia-builder-el-13  el_after_av_cell_one_third  avia-builder-el-last ' ><div class='flex_cell_inner'><p>\n<style type=\"text\/css\" data-created_by=\"avia_inline_auto\" id=\"style-css-av-av_heading-c0a59fbc55593169a3b732673389d60b\">\n#top .av-special-heading.av-av_heading-c0a59fbc55593169a3b732673389d60b{\npadding-bottom:10px;\nfont-size:30px;\n}\nbody .av-special-heading.av-av_heading-c0a59fbc55593169a3b732673389d60b .av-special-heading-tag .heading-char{\nfont-size:25px;\n}\n#top #wrap_all .av-special-heading.av-av_heading-c0a59fbc55593169a3b732673389d60b .av-special-heading-tag{\nfont-size:30px;\n}\n.av-special-heading.av-av_heading-c0a59fbc55593169a3b732673389d60b .av-subheading{\nfont-size:15px;\n}\n<\/style>\n<div  class='av-special-heading av-av_heading-c0a59fbc55593169a3b732673389d60b av-special-heading-h3 blockquote modern-quote  avia-builder-el-14  el_before_av_textblock  avia-builder-el-first  av-inherit-size'><h3 class='av-special-heading-tag'  itemprop=\"headline\"  >Erwin Sanson<\/h3><div class='av-subheading av-subheading_below'><p>CEO<\/p>\n<\/div><div class=\"special-heading-border\"><div class=\"special-heading-inner-border\"><\/div><\/div><\/div><br \/>\n<section  class='av_textblock_section av-898bth-32313aeda78e9daefcf2a48b1d3a29e8'  itemscope=\"itemscope\" itemtype=\"https:\/\/schema.org\/CreativeWork\" ><div class='avia_textblock'  itemprop=\"text\" ><p><strong>Professional Experience<\/strong><br \/>\nStanford (1993 Mag. iur., 1997 Dr. iur.), University ofStanford: Master in Journalism (1997 MA), 1998\u20132002 Associate with an International Law Firm (Vienna), since 2002 Associated Partner with Enfold Law, since 2004 Partner, Head of Competition &amp; Antitrust<\/p>\n<p><strong>Areas of Practice<\/strong><br \/>\nEuropean and US Competition Law, (Antitrust, Merger Control and Market Dominance) Distribution Law, European Law<\/p>\n<p><strong>Languages<br \/>\n<\/strong>German, English, French, Italian, Spanish<\/p>\n<\/div><\/section><\/p>\n<\/div><\/div><\/div><div id='av-layout-grid-2'  class='av-layout-grid-container av-m7xgt-f4a8128fa1c47d5707030cca62fb66f8 entry-content-wrapper alternate_color av-flex-cells  avia-builder-el-16  el_after_av_layout_row  el_before_av_layout_row  grid-row-not-first  container_wrap fullsize'  >\n\n<style type=\"text\/css\" data-created_by=\"avia_inline_auto\" id=\"style-css-av-63np3h-9fe9096c7478d979fda782509714414c\">\n.flex_cell.av-63np3h-9fe9096c7478d979fda782509714414c{\nvertical-align:middle;\npadding:180px 60px 180px 60px;\nbackground:url(https:\/\/brpini.com.br\/wp-content\/uploads\/2018\/05\/team2-696x1024.jpg) 50% 0% no-repeat scroll ;\n}\n<\/style>\n<div class='flex_cell av_one_third av-63np3h-9fe9096c7478d979fda782509714414c no_margin  avia-builder-el-17  el_before_av_cell_two_third  avia-builder-el-first  avia-full-stretch' ><div class='flex_cell_inner'><\/div><\/div>\n<style type=\"text\/css\" data-created_by=\"avia_inline_auto\" id=\"style-css-av-5xam6l-e34ee615b6150a53e084637f78805c98\">\n.flex_cell.av-5xam6l-e34ee615b6150a53e084637f78805c98{\nvertical-align:middle;\npadding:60px 60px 60px 60px;\n}\n<\/style>\n<div class='flex_cell av_two_third av-5xam6l-e34ee615b6150a53e084637f78805c98 no_margin  avia-builder-el-18  el_after_av_cell_one_third  avia-builder-el-last ' ><div class='flex_cell_inner'><p>\n<style type=\"text\/css\" data-created_by=\"avia_inline_auto\" id=\"style-css-av-av_heading-ed4f36f0a0b5f89feaaa0661750fa26c\">\n#top .av-special-heading.av-av_heading-ed4f36f0a0b5f89feaaa0661750fa26c{\npadding-bottom:10px;\nfont-size:30px;\n}\nbody .av-special-heading.av-av_heading-ed4f36f0a0b5f89feaaa0661750fa26c .av-special-heading-tag .heading-char{\nfont-size:25px;\n}\n#top #wrap_all .av-special-heading.av-av_heading-ed4f36f0a0b5f89feaaa0661750fa26c .av-special-heading-tag{\nfont-size:30px;\n}\n.av-special-heading.av-av_heading-ed4f36f0a0b5f89feaaa0661750fa26c .av-subheading{\nfont-size:15px;\n}\n<\/style>\n<div  class='av-special-heading av-av_heading-ed4f36f0a0b5f89feaaa0661750fa26c av-special-heading-h3 blockquote modern-quote  avia-builder-el-19  el_before_av_textblock  avia-builder-el-first  av-inherit-size'><h3 class='av-special-heading-tag'  itemprop=\"headline\"  >Adriana Aero<\/h3><div class='av-subheading av-subheading_below'><p>Partner<\/p>\n<\/div><div class=\"special-heading-border\"><div class=\"special-heading-inner-border\"><\/div><\/div><\/div><br \/>\n<section  class='av_textblock_section av-898bth-32313aeda78e9daefcf2a48b1d3a29e8'  itemscope=\"itemscope\" itemtype=\"https:\/\/schema.org\/CreativeWork\" ><div class='avia_textblock'  itemprop=\"text\" ><p><strong>Professional Experience<\/strong><br \/>\nUniversity of Austin (2004 Mag. iur.), University ofAustin, Postgraduate Studies in European and International Business Law (2009) 2007-2013 Associate with Enfold Law, 2011 court practice, since 2013 Attorney at Law with Enfold Law<\/p>\n<p><strong>Areas of Practice<\/strong><br \/>\nCorporate &amp; Commercial Law, law of real proberty, family law<\/p>\n<p><strong>Languages<\/strong><br \/>\nGerman, English, Spanish<\/p>\n<\/div><\/section><\/p>\n<\/div><\/div><\/div><div id='av-layout-grid-3'  class='av-layout-grid-container av-4mmczh-1765f78b2eb37d224638fef98d6fc913 entry-content-wrapper main_color av-flex-cells  avia-builder-el-21  el_after_av_layout_row  avia-builder-el-last  grid-row-not-first  container_wrap fullsize'  >\n\n<style type=\"text\/css\" data-created_by=\"avia_inline_auto\" id=\"style-css-av-4bgbzp-928251b7537e52bd2051e2c1aa5e9b67\">\n.flex_cell.av-4bgbzp-928251b7537e52bd2051e2c1aa5e9b67{\nvertical-align:middle;\npadding:180px 60px 180px 60px;\nbackground:url(https:\/\/brpini.com.br\/wp-content\/uploads\/2018\/05\/team1-696x1024.jpg) 50% 0% no-repeat scroll ;\n}\n<\/style>\n<div class='flex_cell av_one_third av-4bgbzp-928251b7537e52bd2051e2c1aa5e9b67 no_margin  avia-builder-el-22  el_before_av_cell_two_third  avia-builder-el-first  avia-full-stretch' ><div class='flex_cell_inner'><\/div><\/div>\n<style type=\"text\/css\" data-created_by=\"avia_inline_auto\" id=\"style-css-av-48o2f9-fca2eb3743330c3b453f7084fee61f6c\">\n.flex_cell.av-48o2f9-fca2eb3743330c3b453f7084fee61f6c{\nvertical-align:middle;\npadding:60px 60px 60px 60px;\n}\n<\/style>\n<div class='flex_cell av_two_third av-48o2f9-fca2eb3743330c3b453f7084fee61f6c no_margin  avia-builder-el-23  el_after_av_cell_one_third  avia-builder-el-last ' ><div class='flex_cell_inner'><p>\n<style type=\"text\/css\" data-created_by=\"avia_inline_auto\" id=\"style-css-av-av_heading-19ef1b127a2e118c9aea532302dbcee3\">\n#top .av-special-heading.av-av_heading-19ef1b127a2e118c9aea532302dbcee3{\npadding-bottom:10px;\nfont-size:30px;\n}\nbody .av-special-heading.av-av_heading-19ef1b127a2e118c9aea532302dbcee3 .av-special-heading-tag .heading-char{\nfont-size:25px;\n}\n#top #wrap_all .av-special-heading.av-av_heading-19ef1b127a2e118c9aea532302dbcee3 .av-special-heading-tag{\nfont-size:30px;\n}\n.av-special-heading.av-av_heading-19ef1b127a2e118c9aea532302dbcee3 .av-subheading{\nfont-size:15px;\n}\n<\/style>\n<div  class='av-special-heading av-av_heading-19ef1b127a2e118c9aea532302dbcee3 av-special-heading-h3 blockquote modern-quote  avia-builder-el-24  el_before_av_textblock  avia-builder-el-first  av-inherit-size'><h3 class='av-special-heading-tag'  itemprop=\"headline\"  >Mala Malone<\/h3><div class='av-subheading av-subheading_below'><p>Associate<\/p>\n<\/div><div class=\"special-heading-border\"><div class=\"special-heading-inner-border\"><\/div><\/div><\/div><br \/>\n<section  class='av_textblock_section av-898bth-32313aeda78e9daefcf2a48b1d3a29e8'  itemscope=\"itemscope\" itemtype=\"https:\/\/schema.org\/CreativeWork\" ><div class='avia_textblock'  itemprop=\"text\" ><p><strong>Professional Experience<\/strong><br \/>\nUniversity of Passau (2003); University of Hungary (2007 Dr. jur.);<\/p>\n<p><strong>Areas of Practice<\/strong><br \/>\nTax law, family law<\/p>\n<p><strong>Languages<\/strong><br \/>\nEnglish, Spanish<\/p>\n<\/div><\/section><\/p>\n<\/div><\/div><\/div><\/p>\n","protected":false},"excerpt":{"rendered":"","protected":false},"author":1,"featured_media":0,"parent":154,"menu_order":0,"comment_status":"closed","ping_status":"closed","template":"","meta":{"footnotes":""},"class_list":["post-814","page","type-page","status-publish","hentry"],"yoast_head":"<!-- This site is optimized with the Yoast SEO plugin v19.8 - https:\/\/yoast.com\/wordpress\/plugins\/seo\/ -->\n<title>Our Lawyers - BR Pini<\/title>\n<meta name=\"robots\" content=\"index, follow, max-snippet:-1, max-image-preview:large, max-video-preview:-1\" \/>\n<link rel=\"canonical\" href=\"https:\/\/brpini.com.br\/?page_id=814\" \/>\n<meta property=\"og:locale\" content=\"pt_BR\" \/>\n<meta property=\"og:type\" content=\"article\" \/>\n<meta property=\"og:title\" content=\"Our Lawyers - BR Pini\" \/>\n<meta property=\"og:url\" content=\"https:\/\/brpini.com.br\/?page_id=814\" \/>\n<meta property=\"og:site_name\" content=\"BR Pini\" \/>\n<meta name=\"twitter:card\" content=\"summary_large_image\" \/>\n<meta name=\"twitter:label1\" content=\"Est. tempo de leitura\" \/>\n\t<meta name=\"twitter:data1\" content=\"9 minutos\" \/>\n<script type=\"application\/ld+json\" class=\"yoast-schema-graph\">{\"@context\":\"https:\/\/schema.org\",\"@graph\":[{\"@type\":\"WebPage\",\"@id\":\"https:\/\/brpini.com.br\/?page_id=814\",\"url\":\"https:\/\/brpini.com.br\/?page_id=814\",\"name\":\"Our Lawyers - BR Pini\",\"isPartOf\":{\"@id\":\"https:\/\/brpini.com.br\/#website\"},\"datePublished\":\"2018-05-03T15:17:53+00:00\",\"dateModified\":\"2018-05-03T15:17:53+00:00\",\"breadcrumb\":{\"@id\":\"https:\/\/brpini.com.br\/?page_id=814#breadcrumb\"},\"inLanguage\":\"pt-BR\",\"potentialAction\":[{\"@type\":\"ReadAction\",\"target\":[\"https:\/\/brpini.com.br\/?page_id=814\"]}]},{\"@type\":\"BreadcrumbList\",\"@id\":\"https:\/\/brpini.com.br\/?page_id=814#breadcrumb\",\"itemListElement\":[{\"@type\":\"ListItem\",\"position\":1,\"name\":\"In\u00edcio\",\"item\":\"https:\/\/brpini.com.br\/?page_id=102\"},{\"@type\":\"ListItem\",\"position\":2,\"name\":\"About\",\"item\":\"https:\/\/brpini.com.br\/?page_id=154\"},{\"@type\":\"ListItem\",\"position\":3,\"name\":\"Our Lawyers\"}]},{\"@type\":\"WebSite\",\"@id\":\"https:\/\/brpini.com.br\/#website\",\"url\":\"https:\/\/brpini.com.br\/\",\"name\":\"BR Pini\",\"description\":\"A BRPINI REPRESENTA\u00c7\u00d5ES COMECIAIS, atua no seguimento de constru\u00e7\u00e3o civil e infra estrutura, voltado especificamente para o comercio de TUBOS e CONEX\u00d4ES de PVC, PEAD, Tubos Lisos e Corrugados, Conex\u00f5es Flex\u00edveis e Reparos N\u00e3o Destrutivos.\",\"publisher\":{\"@id\":\"https:\/\/brpini.com.br\/#organization\"},\"potentialAction\":[{\"@type\":\"SearchAction\",\"target\":{\"@type\":\"EntryPoint\",\"urlTemplate\":\"https:\/\/brpini.com.br\/?s={search_term_string}\"},\"query-input\":\"required name=search_term_string\"}],\"inLanguage\":\"pt-BR\"},{\"@type\":\"Organization\",\"@id\":\"https:\/\/brpini.com.br\/#organization\",\"name\":\"BRPINI - REPRESENTA\u00c7\u00d5ES COMECIAIS\",\"url\":\"https:\/\/brpini.com.br\/\",\"sameAs\":[],\"logo\":{\"@type\":\"ImageObject\",\"inLanguage\":\"pt-BR\",\"@id\":\"https:\/\/brpini.com.br\/#\/schema\/logo\/image\/\",\"url\":\"https:\/\/brpini.com.br\/wp-content\/uploads\/2022\/10\/BR-Pini.png\",\"contentUrl\":\"https:\/\/brpini.com.br\/wp-content\/uploads\/2022\/10\/BR-Pini.png\",\"width\":515,\"height\":250,\"caption\":\"BRPINI - REPRESENTA\u00c7\u00d5ES COMECIAIS\"},\"image\":{\"@id\":\"https:\/\/brpini.com.br\/#\/schema\/logo\/image\/\"}}]}<\/script>\n<!-- \/ Yoast SEO plugin. -->","yoast_head_json":{"title":"Our Lawyers - BR Pini","robots":{"index":"index","follow":"follow","max-snippet":"max-snippet:-1","max-image-preview":"max-image-preview:large","max-video-preview":"max-video-preview:-1"},"canonical":"https:\/\/brpini.com.br\/?page_id=814","og_locale":"pt_BR","og_type":"article","og_title":"Our Lawyers - BR Pini","og_url":"https:\/\/brpini.com.br\/?page_id=814","og_site_name":"BR Pini","twitter_card":"summary_large_image","twitter_misc":{"Est. tempo de leitura":"9 minutos"},"schema":{"@context":"https:\/\/schema.org","@graph":[{"@type":"WebPage","@id":"https:\/\/brpini.com.br\/?page_id=814","url":"https:\/\/brpini.com.br\/?page_id=814","name":"Our Lawyers - BR Pini","isPartOf":{"@id":"https:\/\/brpini.com.br\/#website"},"datePublished":"2018-05-03T15:17:53+00:00","dateModified":"2018-05-03T15:17:53+00:00","breadcrumb":{"@id":"https:\/\/brpini.com.br\/?page_id=814#breadcrumb"},"inLanguage":"pt-BR","potentialAction":[{"@type":"ReadAction","target":["https:\/\/brpini.com.br\/?page_id=814"]}]},{"@type":"BreadcrumbList","@id":"https:\/\/brpini.com.br\/?page_id=814#breadcrumb","itemListElement":[{"@type":"ListItem","position":1,"name":"In\u00edcio","item":"https:\/\/brpini.com.br\/?page_id=102"},{"@type":"ListItem","position":2,"name":"About","item":"https:\/\/brpini.com.br\/?page_id=154"},{"@type":"ListItem","position":3,"name":"Our Lawyers"}]},{"@type":"WebSite","@id":"https:\/\/brpini.com.br\/#website","url":"https:\/\/brpini.com.br\/","name":"BR Pini","description":"A BRPINI REPRESENTA\u00c7\u00d5ES COMECIAIS, atua no seguimento de constru\u00e7\u00e3o civil e infra estrutura, voltado especificamente para o comercio de TUBOS e CONEX\u00d4ES de PVC, PEAD, Tubos Lisos e Corrugados, Conex\u00f5es Flex\u00edveis e Reparos N\u00e3o Destrutivos.","publisher":{"@id":"https:\/\/brpini.com.br\/#organization"},"potentialAction":[{"@type":"SearchAction","target":{"@type":"EntryPoint","urlTemplate":"https:\/\/brpini.com.br\/?s={search_term_string}"},"query-input":"required name=search_term_string"}],"inLanguage":"pt-BR"},{"@type":"Organization","@id":"https:\/\/brpini.com.br\/#organization","name":"BRPINI - REPRESENTA\u00c7\u00d5ES COMECIAIS","url":"https:\/\/brpini.com.br\/","sameAs":[],"logo":{"@type":"ImageObject","inLanguage":"pt-BR","@id":"https:\/\/brpini.com.br\/#\/schema\/logo\/image\/","url":"https:\/\/brpini.com.br\/wp-content\/uploads\/2022\/10\/BR-Pini.png","contentUrl":"https:\/\/brpini.com.br\/wp-content\/uploads\/2022\/10\/BR-Pini.png","width":515,"height":250,"caption":"BRPINI - REPRESENTA\u00c7\u00d5ES COMECIAIS"},"image":{"@id":"https:\/\/brpini.com.br\/#\/schema\/logo\/image\/"}}]}},"_links":{"self":[{"href":"https:\/\/brpini.com.br\/index.php?rest_route=\/wp\/v2\/pages\/814","targetHints":{"allow":["GET"]}}],"collection":[{"href":"https:\/\/brpini.com.br\/index.php?rest_route=\/wp\/v2\/pages"}],"about":[{"href":"https:\/\/brpini.com.br\/index.php?rest_route=\/wp\/v2\/types\/page"}],"author":[{"embeddable":true,"href":"https:\/\/brpini.com.br\/index.php?rest_route=\/wp\/v2\/users\/1"}],"replies":[{"embeddable":true,"href":"https:\/\/brpini.com.br\/index.php?rest_route=%2Fwp%2Fv2%2Fcomments&post=814"}],"version-history":[{"count":0,"href":"https:\/\/brpini.com.br\/index.php?rest_route=\/wp\/v2\/pages\/814\/revisions"}],"up":[{"embeddable":true,"href":"https:\/\/brpini.com.br\/index.php?rest_route=\/wp\/v2\/pages\/154"}],"wp:attachment":[{"href":"https:\/\/brpini.com.br\/index.php?rest_route=%2Fwp%2Fv2%2Fmedia&parent=814"}],"curies":[{"name":"wp","href":"https:\/\/api.w.org\/{rel}","templated":true}]}}