{"id":821,"date":"2018-05-03T15:19:25","date_gmt":"2018-05-03T15:19:25","guid":{"rendered":"http:\/\/wpoffice\/enfold-lawyer\/?page_id=821"},"modified":"2018-05-03T15:19:25","modified_gmt":"2018-05-03T15:19:25","slug":"faq","status":"publish","type":"page","link":"https:\/\/brpini.com.br\/?page_id=821","title":{"rendered":"FAQ"},"content":{"rendered":"\n<style type=\"text\/css\" data-created_by=\"avia_inline_auto\" id=\"style-css-av-145nae-08d6bf221d99de766227913cdb5b9ee3\">\n.avia-section.av-145nae-08d6bf221d99de766227913cdb5b9ee3{\nbackground-repeat:no-repeat;\nbackground-image:url(https:\/\/brpini.com.br\/wp-content\/uploads\/2018\/05\/hero-skyscraper.jpg);\nbackground-position:50% 50%;\nbackground-attachment:scroll;\n}\n.avia-section.av-145nae-08d6bf221d99de766227913cdb5b9ee3 .av-section-color-overlay{\nopacity:0.6;\nbackground-color:#084a79;\n}\n<\/style>\n<div id='av_section_1'  class='avia-section av-145nae-08d6bf221d99de766227913cdb5b9ee3 main_color avia-section-default avia-no-border-styling  avia-builder-el-0  el_before_av_section  avia-builder-el-first  avia-full-stretch avia-bg-style-scroll av-section-color-overlay-active av-minimum-height av-minimum-height-custom  container_wrap fullsize'  data-section-bg-repeat='stretch'><div class='av-section-color-overlay-wrap'><div class=\"av-section-color-overlay\"><\/div><div class='container av-section-cont-open' style='height:230px'><main  role=\"main\" itemprop=\"mainContentOfPage\"  class='template-page content  av-content-full alpha units'><div class='post-entry post-entry-type-page post-entry-821'><div class='entry-content-wrapper clearfix'>\n\n<style type=\"text\/css\" data-created_by=\"avia_inline_auto\" id=\"style-css-av-jgf3pjem-ee2a691ebc0a9a100bc99d372a9c72ca\">\n#top .flex_column.av-jgf3pjem-ee2a691ebc0a9a100bc99d372a9c72ca{\nmargin-top:0px;\nmargin-bottom:0px;\n}\n.flex_column.av-jgf3pjem-ee2a691ebc0a9a100bc99d372a9c72ca{\nborder-radius:0px 0px 0px 0px;\n-webkit-border-radius:0px 0px 0px 0px;\n-moz-border-radius:0px 0px 0px 0px;\n}\n.responsive #top #wrap_all .flex_column.av-jgf3pjem-ee2a691ebc0a9a100bc99d372a9c72ca{\nmargin-top:0px;\nmargin-bottom:0px;\n}\n<\/style>\n<div class='flex_column av-jgf3pjem-ee2a691ebc0a9a100bc99d372a9c72ca av_one_full  avia-builder-el-1  avia-builder-el-no-sibling  first flex_column_div  av-animated-generic left-to-right av-zero-column-padding '   ><style type=\"text\/css\" data-created_by=\"avia_inline_auto\" id=\"style-css-av-jgwcxcei-ea89c605ff7b478002628c7ece381559\">\n#top .av-special-heading.av-jgwcxcei-ea89c605ff7b478002628c7ece381559{\npadding-bottom:0px;\ncolor:#ffffff;\nfont-size:5vw;\n}\nbody .av-special-heading.av-jgwcxcei-ea89c605ff7b478002628c7ece381559 .av-special-heading-tag .heading-char{\nfont-size:25px;\n}\n#top #wrap_all .av-special-heading.av-jgwcxcei-ea89c605ff7b478002628c7ece381559 .av-special-heading-tag{\nfont-size:5vw;\n}\n.av-special-heading.av-jgwcxcei-ea89c605ff7b478002628c7ece381559 .special-heading-inner-border{\nborder-color:#ffffff;\n}\n.av-special-heading.av-jgwcxcei-ea89c605ff7b478002628c7ece381559 .av-subheading{\nfont-size:25px;\n}\n<\/style>\n<div  class='av-special-heading av-jgwcxcei-ea89c605ff7b478002628c7ece381559 av-special-heading-h2 custom-color-heading blockquote modern-quote modern-centered  avia-builder-el-2  avia-builder-el-no-sibling  av-inherit-size'><h2 class='av-special-heading-tag'  itemprop=\"headline\"  >FAQ<\/h2><div class=\"special-heading-border\"><div class=\"special-heading-inner-border\"><\/div><\/div><\/div><\/div>\n\n<\/div><\/div><\/main><!-- close content main element --><\/div><\/div><\/div><div id='av_section_2'  class='avia-section av-2eg9ay-566492a2aef3428e44904c46ee45789b main_color avia-section-large avia-no-border-styling  avia-builder-el-3  el_after_av_section  avia-builder-el-last  avia-bg-style-scroll container_wrap fullsize'  ><div class='container av-section-cont-open' ><div class='template-page content  av-content-full alpha units'><div class='post-entry post-entry-type-page post-entry-821'><div class='entry-content-wrapper clearfix'>\n\n<style type=\"text\/css\" data-created_by=\"avia_inline_auto\" id=\"style-css-av-23mkr6-34036fb4d89af53f17c1d2771e0a5316\">\n.flex_column.av-23mkr6-34036fb4d89af53f17c1d2771e0a5316{\nborder-radius:0px 0px 0px 0px;\n-webkit-border-radius:0px 0px 0px 0px;\n-moz-border-radius:0px 0px 0px 0px;\n}\n<\/style>\n<div class='flex_column av-23mkr6-34036fb4d89af53f17c1d2771e0a5316 av_one_half  avia-builder-el-4  el_before_av_one_half  avia-builder-el-first  first flex_column_div av-zero-column-padding '   ><p>\n<style type=\"text\/css\" data-created_by=\"avia_inline_auto\" id=\"style-css-av-jgwczoac-23a89dc4ef0997ea9c2b95df7881aeb2\">\n#top .av-special-heading.av-jgwczoac-23a89dc4ef0997ea9c2b95df7881aeb2{\npadding-bottom:10px;\n}\nbody .av-special-heading.av-jgwczoac-23a89dc4ef0997ea9c2b95df7881aeb2 .av-special-heading-tag .heading-char{\nfont-size:25px;\n}\n.av-special-heading.av-jgwczoac-23a89dc4ef0997ea9c2b95df7881aeb2 .av-subheading{\nfont-size:15px;\n}\n<\/style>\n<div  class='av-special-heading av-jgwczoac-23a89dc4ef0997ea9c2b95df7881aeb2 av-special-heading-h2 blockquote modern-quote  avia-builder-el-5  el_before_av_textblock  avia-builder-el-first '><h2 class='av-special-heading-tag'  itemprop=\"headline\"  >Services<\/h2><div class=\"special-heading-border\"><div class=\"special-heading-inner-border\"><\/div><\/div><\/div><br \/>\n<section  class='av_textblock_section av-6dssa-92f0ae0e8e017d9af0140566fa96dc27'  itemscope=\"itemscope\" itemtype=\"https:\/\/schema.org\/CreativeWork\" ><div class='avia_textblock'  itemprop=\"text\" ><ul>\n<li>Donec pede justo, fringilla vel, aliquet nec, vulputate eget, arcu.<\/li>\n<li>In enim justo, rhoncus ut, imperdiet a, venenatis vitae, justo.<\/li>\n<li>Nullam dictum felis eu pede mollis pretium. Integer tincidunt.<\/li>\n<\/ul>\n<p>Cras dapibus. <strong>Vivamus elementum<\/strong> semper nisi. Aenean vulputate eleifend tellus. Aenean leo ligula.<\/p>\n<\/div><\/section><\/p><\/div>\n<style type=\"text\/css\" data-created_by=\"avia_inline_auto\" id=\"style-css-av-1lckhe-3751e5158a76b1dca99bd94b1ef56052\">\n.flex_column.av-1lckhe-3751e5158a76b1dca99bd94b1ef56052{\nborder-radius:0px 0px 0px 0px;\n-webkit-border-radius:0px 0px 0px 0px;\n-moz-border-radius:0px 0px 0px 0px;\n}\n<\/style>\n<div class='flex_column av-1lckhe-3751e5158a76b1dca99bd94b1ef56052 av_one_half  avia-builder-el-7  el_after_av_one_half  el_before_av_hr  flex_column_div av-zero-column-padding '   ><p>\n<style type=\"text\/css\" data-created_by=\"avia_inline_auto\" id=\"style-css-av-jgwczrj1-1724ec5ff3334423f8be6aef6c59def3\">\n#top .av-special-heading.av-jgwczrj1-1724ec5ff3334423f8be6aef6c59def3{\npadding-bottom:10px;\n}\nbody .av-special-heading.av-jgwczrj1-1724ec5ff3334423f8be6aef6c59def3 .av-special-heading-tag .heading-char{\nfont-size:25px;\n}\n.av-special-heading.av-jgwczrj1-1724ec5ff3334423f8be6aef6c59def3 .av-subheading{\nfont-size:15px;\n}\n<\/style>\n<div  class='av-special-heading av-jgwczrj1-1724ec5ff3334423f8be6aef6c59def3 av-special-heading-h2 blockquote modern-quote  avia-builder-el-8  el_before_av_textblock  avia-builder-el-first '><h2 class='av-special-heading-tag'  itemprop=\"headline\"  >Pricing related<\/h2><div class=\"special-heading-border\"><div class=\"special-heading-inner-border\"><\/div><\/div><\/div><br \/>\n<section  class='av_textblock_section av-4bbgi-44733223198656f8baed55a79f0e7dff'  itemscope=\"itemscope\" itemtype=\"https:\/\/schema.org\/CreativeWork\" ><div class='avia_textblock'  itemprop=\"text\" ><ul>\n<li>Lorem ipsum dolor sit amet, consectetuer adipiscing elit.<\/li>\n<li>Aenean commodo ligula eget dolor. Aenean massa.<\/li>\n<li>Cum agnis dis <a href=\"#\">parturient montes<\/a>, nascetur ridiculus mus.<\/li>\n<\/ul>\n<p>Donec quam felis, ultricies nec, pellentesque eu, pretium quis, sem. Nulla consequat massa quis enim.<\/p>\n<\/div><\/section><\/p><\/div>\n<style type=\"text\/css\" data-created_by=\"avia_inline_auto\" id=\"style-css-av-jgf4q5kq-0f424b8341b74b526c72b377799e17b3\">\n#top .hr.av-jgf4q5kq-0f424b8341b74b526c72b377799e17b3{\nmargin-top:50px;\nmargin-bottom:65px;\n}\n.hr.av-jgf4q5kq-0f424b8341b74b526c72b377799e17b3 .hr-inner{\nwidth:50px;\nborder-color:#d3d3d3;\nmax-width:45%;\n}\n.hr.av-jgf4q5kq-0f424b8341b74b526c72b377799e17b3 .av-seperator-icon{\ncolor:#072f4c;\n}\n<\/style>\n<div  class='hr av-jgf4q5kq-0f424b8341b74b526c72b377799e17b3 hr-custom  avia-builder-el-10  el_after_av_one_half  el_before_av_one_half  hr-center hr-icon-yes'><span class='hr-inner inner-border-av-border-thin'><span class=\"hr-inner-style\"><\/span><\/span><span class='av-seperator-icon' aria-hidden='true' data-av_icon='\uf119' data-av_iconfont='justice'><\/span><span class='hr-inner inner-border-av-border-thin'><span class=\"hr-inner-style\"><\/span><\/span><\/div>\n\n<style type=\"text\/css\" data-created_by=\"avia_inline_auto\" id=\"style-css-av-13x1fm-854be2390228911da35934b3232d0d27\">\n.flex_column.av-13x1fm-854be2390228911da35934b3232d0d27{\nborder-radius:0px 0px 0px 0px;\n-webkit-border-radius:0px 0px 0px 0px;\n-moz-border-radius:0px 0px 0px 0px;\n}\n<\/style>\n<div class='flex_column av-13x1fm-854be2390228911da35934b3232d0d27 av_one_half  avia-builder-el-11  el_after_av_hr  el_before_av_one_half  first flex_column_div av-zero-column-padding '   ><p>\n<style type=\"text\/css\" data-created_by=\"avia_inline_auto\" id=\"style-css-av-jgwczvak-543a718e40d25e59a6780964e15fcb67\">\n#top .av-special-heading.av-jgwczvak-543a718e40d25e59a6780964e15fcb67{\npadding-bottom:10px;\n}\nbody .av-special-heading.av-jgwczvak-543a718e40d25e59a6780964e15fcb67 .av-special-heading-tag .heading-char{\nfont-size:25px;\n}\n.av-special-heading.av-jgwczvak-543a718e40d25e59a6780964e15fcb67 .av-subheading{\nfont-size:15px;\n}\n<\/style>\n<div  class='av-special-heading av-jgwczvak-543a718e40d25e59a6780964e15fcb67 av-special-heading-h2 blockquote modern-quote  avia-builder-el-12  el_before_av_textblock  avia-builder-el-first '><h2 class='av-special-heading-tag'  itemprop=\"headline\"  >Lawyers<\/h2><div class=\"special-heading-border\"><div class=\"special-heading-inner-border\"><\/div><\/div><\/div><br \/>\n<section  class='av_textblock_section av-t5l4q-cb558ec77dd2a487df0cff3fdd45909d'  itemscope=\"itemscope\" itemtype=\"https:\/\/schema.org\/CreativeWork\" ><div class='avia_textblock'  itemprop=\"text\" ><ul>\n<li>Lorem ipsum dolor sit amet, consectetuer adipiscing elit.<\/li>\n<li>Aenean commodo ligula eget dolor. Aenean massa.<\/li>\n<li>Cum agnis dis <a href=\"#\">parturient montes<\/a>, nascetur ridiculus mus.<\/li>\n<\/ul>\n<p>Donec quam felis, ultricies nec, pellentesque eu, pretium quis, sem. Nulla consequat massa quis enim.<\/p>\n<\/div><\/section><\/p><\/div>\n<style type=\"text\/css\" data-created_by=\"avia_inline_auto\" id=\"style-css-av-k6r7u-ebceb081b3152267e1f68a09f9e7a44f\">\n.flex_column.av-k6r7u-ebceb081b3152267e1f68a09f9e7a44f{\nborder-radius:0px 0px 0px 0px;\n-webkit-border-radius:0px 0px 0px 0px;\n-moz-border-radius:0px 0px 0px 0px;\n}\n<\/style>\n<div class='flex_column av-k6r7u-ebceb081b3152267e1f68a09f9e7a44f av_one_half  avia-builder-el-14  el_after_av_one_half  el_before_av_hr  flex_column_div av-zero-column-padding '   ><p>\n<style type=\"text\/css\" data-created_by=\"avia_inline_auto\" id=\"style-css-av-jgwczypp-3c7358baefe40cd8788ff7b2fae57c95\">\n#top .av-special-heading.av-jgwczypp-3c7358baefe40cd8788ff7b2fae57c95{\npadding-bottom:10px;\n}\nbody .av-special-heading.av-jgwczypp-3c7358baefe40cd8788ff7b2fae57c95 .av-special-heading-tag .heading-char{\nfont-size:25px;\n}\n.av-special-heading.av-jgwczypp-3c7358baefe40cd8788ff7b2fae57c95 .av-subheading{\nfont-size:15px;\n}\n<\/style>\n<div  class='av-special-heading av-jgwczypp-3c7358baefe40cd8788ff7b2fae57c95 av-special-heading-h2 blockquote modern-quote  avia-builder-el-15  el_before_av_textblock  avia-builder-el-first '><h2 class='av-special-heading-tag'  itemprop=\"headline\"  >Response Times<\/h2><div class=\"special-heading-border\"><div class=\"special-heading-inner-border\"><\/div><\/div><\/div><br \/>\n<section  class='av_textblock_section av-bct8a-428c2e9917c35b1277ca722d2d901272'  itemscope=\"itemscope\" itemtype=\"https:\/\/schema.org\/CreativeWork\" ><div class='avia_textblock'  itemprop=\"text\" ><ul>\n<li>Donec pede justo, fringilla vel, aliquet nec, vulputate eget, arcu.<\/li>\n<li>In enim justo, rhoncus ut, imperdiet a, venenatis vitae, justo.<\/li>\n<li>Nullam dictum felis eu pede mollis pretium. Integer tincidunt.<\/li>\n<\/ul>\n<p>Cras dapibus. <strong>Vivamus elementum<\/strong> semper nisi. Aenean vulputate eleifend tellus. Aenean leo ligula.<\/p>\n<\/div><\/section><\/p><\/div>\n<style type=\"text\/css\" data-created_by=\"avia_inline_auto\" id=\"style-css-av-jgf4q5kq-0f424b8341b74b526c72b377799e17b3\">\n#top .hr.av-jgf4q5kq-0f424b8341b74b526c72b377799e17b3{\nmargin-top:50px;\nmargin-bottom:65px;\n}\n.hr.av-jgf4q5kq-0f424b8341b74b526c72b377799e17b3 .hr-inner{\nwidth:50px;\nborder-color:#d3d3d3;\nmax-width:45%;\n}\n.hr.av-jgf4q5kq-0f424b8341b74b526c72b377799e17b3 .av-seperator-icon{\ncolor:#072f4c;\n}\n<\/style>\n<div  class='hr av-jgf4q5kq-0f424b8341b74b526c72b377799e17b3 hr-custom  avia-builder-el-17  el_after_av_one_half  el_before_av_one_half  hr-center hr-icon-yes'><span class='hr-inner inner-border-av-border-thin'><span class=\"hr-inner-style\"><\/span><\/span><span class='av-seperator-icon' aria-hidden='true' data-av_icon='\uf119' data-av_iconfont='justice'><\/span><span class='hr-inner inner-border-av-border-thin'><span class=\"hr-inner-style\"><\/span><\/span><\/div>\n\n<style type=\"text\/css\" data-created_by=\"avia_inline_auto\" id=\"style-css-av-13x1fm-854be2390228911da35934b3232d0d27\">\n.flex_column.av-13x1fm-854be2390228911da35934b3232d0d27{\nborder-radius:0px 0px 0px 0px;\n-webkit-border-radius:0px 0px 0px 0px;\n-moz-border-radius:0px 0px 0px 0px;\n}\n<\/style>\n<div class='flex_column av-13x1fm-854be2390228911da35934b3232d0d27 av_one_half  avia-builder-el-18  el_after_av_hr  el_before_av_one_half  first flex_column_div av-zero-column-padding '   ><p>\n<style type=\"text\/css\" data-created_by=\"avia_inline_auto\" id=\"style-css-av-jgwczvak-3a94c5508311f5fb96987a0a4c3d1dd4\">\n#top .av-special-heading.av-jgwczvak-3a94c5508311f5fb96987a0a4c3d1dd4{\npadding-bottom:10px;\n}\nbody .av-special-heading.av-jgwczvak-3a94c5508311f5fb96987a0a4c3d1dd4 .av-special-heading-tag .heading-char{\nfont-size:25px;\n}\n.av-special-heading.av-jgwczvak-3a94c5508311f5fb96987a0a4c3d1dd4 .av-subheading{\nfont-size:15px;\n}\n<\/style>\n<div  class='av-special-heading av-jgwczvak-3a94c5508311f5fb96987a0a4c3d1dd4 av-special-heading-h2 blockquote modern-quote  avia-builder-el-19  el_before_av_textblock  avia-builder-el-first '><h2 class='av-special-heading-tag'  itemprop=\"headline\"  >Working with us<\/h2><div class=\"special-heading-border\"><div class=\"special-heading-inner-border\"><\/div><\/div><\/div><br \/>\n<section  class='av_textblock_section av-t5l4q-cb558ec77dd2a487df0cff3fdd45909d'  itemscope=\"itemscope\" itemtype=\"https:\/\/schema.org\/CreativeWork\" ><div class='avia_textblock'  itemprop=\"text\" ><ul>\n<li>Lorem ipsum dolor sit amet, consectetuer adipiscing elit.<\/li>\n<li>Aenean commodo ligula eget dolor. Aenean massa.<\/li>\n<li>Cum agnis dis <a href=\"#\">parturient montes<\/a>, nascetur ridiculus mus.<\/li>\n<\/ul>\n<p>Donec quam felis, ultricies nec, pellentesque eu, pretium quis, sem. Nulla consequat massa quis enim.<\/p>\n<\/div><\/section><\/p><\/div>\n<style type=\"text\/css\" data-created_by=\"avia_inline_auto\" id=\"style-css-av-1lckhe-3751e5158a76b1dca99bd94b1ef56052\">\n.flex_column.av-1lckhe-3751e5158a76b1dca99bd94b1ef56052{\nborder-radius:0px 0px 0px 0px;\n-webkit-border-radius:0px 0px 0px 0px;\n-moz-border-radius:0px 0px 0px 0px;\n}\n<\/style>\n<div class='flex_column av-1lckhe-3751e5158a76b1dca99bd94b1ef56052 av_one_half  avia-builder-el-21  el_after_av_one_half  avia-builder-el-last  flex_column_div av-zero-column-padding '   ><p>\n<style type=\"text\/css\" data-created_by=\"avia_inline_auto\" id=\"style-css-av-jgwczrj1-9d6d8c6ba5fb17fa2ed7060bfed4bf51\">\n#top .av-special-heading.av-jgwczrj1-9d6d8c6ba5fb17fa2ed7060bfed4bf51{\npadding-bottom:10px;\n}\nbody .av-special-heading.av-jgwczrj1-9d6d8c6ba5fb17fa2ed7060bfed4bf51 .av-special-heading-tag .heading-char{\nfont-size:25px;\n}\n.av-special-heading.av-jgwczrj1-9d6d8c6ba5fb17fa2ed7060bfed4bf51 .av-subheading{\nfont-size:15px;\n}\n<\/style>\n<div  class='av-special-heading av-jgwczrj1-9d6d8c6ba5fb17fa2ed7060bfed4bf51 av-special-heading-h2 blockquote modern-quote  avia-builder-el-22  el_before_av_textblock  avia-builder-el-first '><h2 class='av-special-heading-tag'  itemprop=\"headline\"  >What do we have to offer?<\/h2><div class=\"special-heading-border\"><div class=\"special-heading-inner-border\"><\/div><\/div><\/div><br \/>\n<section  class='av_textblock_section av-4bbgi-7326cceca3f15697423ca873539ffd70'  itemscope=\"itemscope\" itemtype=\"https:\/\/schema.org\/CreativeWork\" ><div class='avia_textblock'  itemprop=\"text\" ><p>Donec quam felis, ultricies nec, pellentesque eu, pretium quis, sem. Nulla consequat massa quis enim.<\/p>\n<ul>\n<li>Lorem ipsum dolor sit amet, consectetuer adipiscing elit.<\/li>\n<li>Aenean commodo ligula eget dolor. Aenean massa.<\/li>\n<li>Cum agnis dis <a href=\"#\">parturient montes<\/a>, nascetur ridiculus mus.<\/li>\n<\/ul>\n<\/div><\/section><\/p><\/div>\n\n","protected":false},"excerpt":{"rendered":"","protected":false},"author":1,"featured_media":0,"parent":0,"menu_order":0,"comment_status":"closed","ping_status":"closed","template":"","meta":{"footnotes":""},"class_list":["post-821","page","type-page","status-publish","hentry"],"yoast_head":"<!-- This site is optimized with the Yoast SEO plugin v19.8 - https:\/\/yoast.com\/wordpress\/plugins\/seo\/ -->\n<title>FAQ - BR Pini<\/title>\n<meta name=\"robots\" content=\"index, follow, max-snippet:-1, max-image-preview:large, max-video-preview:-1\" \/>\n<link rel=\"canonical\" href=\"https:\/\/brpini.com.br\/?page_id=821\" \/>\n<meta property=\"og:locale\" content=\"pt_BR\" \/>\n<meta property=\"og:type\" content=\"article\" \/>\n<meta property=\"og:title\" content=\"FAQ - BR Pini\" \/>\n<meta property=\"og:url\" content=\"https:\/\/brpini.com.br\/?page_id=821\" \/>\n<meta property=\"og:site_name\" content=\"BR Pini\" \/>\n<meta name=\"twitter:card\" content=\"summary_large_image\" \/>\n<meta name=\"twitter:label1\" content=\"Est. tempo de leitura\" \/>\n\t<meta name=\"twitter:data1\" content=\"7 minutos\" \/>\n<script type=\"application\/ld+json\" class=\"yoast-schema-graph\">{\"@context\":\"https:\/\/schema.org\",\"@graph\":[{\"@type\":\"WebPage\",\"@id\":\"https:\/\/brpini.com.br\/?page_id=821\",\"url\":\"https:\/\/brpini.com.br\/?page_id=821\",\"name\":\"FAQ - BR Pini\",\"isPartOf\":{\"@id\":\"https:\/\/brpini.com.br\/#website\"},\"datePublished\":\"2018-05-03T15:19:25+00:00\",\"dateModified\":\"2018-05-03T15:19:25+00:00\",\"breadcrumb\":{\"@id\":\"https:\/\/brpini.com.br\/?page_id=821#breadcrumb\"},\"inLanguage\":\"pt-BR\",\"potentialAction\":[{\"@type\":\"ReadAction\",\"target\":[\"https:\/\/brpini.com.br\/?page_id=821\"]}]},{\"@type\":\"BreadcrumbList\",\"@id\":\"https:\/\/brpini.com.br\/?page_id=821#breadcrumb\",\"itemListElement\":[{\"@type\":\"ListItem\",\"position\":1,\"name\":\"In\u00edcio\",\"item\":\"https:\/\/brpini.com.br\/?page_id=102\"},{\"@type\":\"ListItem\",\"position\":2,\"name\":\"FAQ\"}]},{\"@type\":\"WebSite\",\"@id\":\"https:\/\/brpini.com.br\/#website\",\"url\":\"https:\/\/brpini.com.br\/\",\"name\":\"BR Pini\",\"description\":\"A BRPINI REPRESENTA\u00c7\u00d5ES COMECIAIS, atua no seguimento de constru\u00e7\u00e3o civil e infra estrutura, voltado especificamente para o comercio de TUBOS e CONEX\u00d4ES de PVC, PEAD, Tubos Lisos e Corrugados, Conex\u00f5es Flex\u00edveis e Reparos N\u00e3o Destrutivos.\",\"publisher\":{\"@id\":\"https:\/\/brpini.com.br\/#organization\"},\"potentialAction\":[{\"@type\":\"SearchAction\",\"target\":{\"@type\":\"EntryPoint\",\"urlTemplate\":\"https:\/\/brpini.com.br\/?s={search_term_string}\"},\"query-input\":\"required name=search_term_string\"}],\"inLanguage\":\"pt-BR\"},{\"@type\":\"Organization\",\"@id\":\"https:\/\/brpini.com.br\/#organization\",\"name\":\"BRPINI - REPRESENTA\u00c7\u00d5ES COMECIAIS\",\"url\":\"https:\/\/brpini.com.br\/\",\"sameAs\":[],\"logo\":{\"@type\":\"ImageObject\",\"inLanguage\":\"pt-BR\",\"@id\":\"https:\/\/brpini.com.br\/#\/schema\/logo\/image\/\",\"url\":\"https:\/\/brpini.com.br\/wp-content\/uploads\/2022\/10\/BR-Pini.png\",\"contentUrl\":\"https:\/\/brpini.com.br\/wp-content\/uploads\/2022\/10\/BR-Pini.png\",\"width\":515,\"height\":250,\"caption\":\"BRPINI - REPRESENTA\u00c7\u00d5ES COMECIAIS\"},\"image\":{\"@id\":\"https:\/\/brpini.com.br\/#\/schema\/logo\/image\/\"}}]}<\/script>\n<!-- \/ Yoast SEO plugin. -->","yoast_head_json":{"title":"FAQ - BR Pini","robots":{"index":"index","follow":"follow","max-snippet":"max-snippet:-1","max-image-preview":"max-image-preview:large","max-video-preview":"max-video-preview:-1"},"canonical":"https:\/\/brpini.com.br\/?page_id=821","og_locale":"pt_BR","og_type":"article","og_title":"FAQ - BR Pini","og_url":"https:\/\/brpini.com.br\/?page_id=821","og_site_name":"BR Pini","twitter_card":"summary_large_image","twitter_misc":{"Est. tempo de leitura":"7 minutos"},"schema":{"@context":"https:\/\/schema.org","@graph":[{"@type":"WebPage","@id":"https:\/\/brpini.com.br\/?page_id=821","url":"https:\/\/brpini.com.br\/?page_id=821","name":"FAQ - BR Pini","isPartOf":{"@id":"https:\/\/brpini.com.br\/#website"},"datePublished":"2018-05-03T15:19:25+00:00","dateModified":"2018-05-03T15:19:25+00:00","breadcrumb":{"@id":"https:\/\/brpini.com.br\/?page_id=821#breadcrumb"},"inLanguage":"pt-BR","potentialAction":[{"@type":"ReadAction","target":["https:\/\/brpini.com.br\/?page_id=821"]}]},{"@type":"BreadcrumbList","@id":"https:\/\/brpini.com.br\/?page_id=821#breadcrumb","itemListElement":[{"@type":"ListItem","position":1,"name":"In\u00edcio","item":"https:\/\/brpini.com.br\/?page_id=102"},{"@type":"ListItem","position":2,"name":"FAQ"}]},{"@type":"WebSite","@id":"https:\/\/brpini.com.br\/#website","url":"https:\/\/brpini.com.br\/","name":"BR Pini","description":"A BRPINI REPRESENTA\u00c7\u00d5ES COMECIAIS, atua no seguimento de constru\u00e7\u00e3o civil e infra estrutura, voltado especificamente para o comercio de TUBOS e CONEX\u00d4ES de PVC, PEAD, Tubos Lisos e Corrugados, Conex\u00f5es Flex\u00edveis e Reparos N\u00e3o Destrutivos.","publisher":{"@id":"https:\/\/brpini.com.br\/#organization"},"potentialAction":[{"@type":"SearchAction","target":{"@type":"EntryPoint","urlTemplate":"https:\/\/brpini.com.br\/?s={search_term_string}"},"query-input":"required name=search_term_string"}],"inLanguage":"pt-BR"},{"@type":"Organization","@id":"https:\/\/brpini.com.br\/#organization","name":"BRPINI - REPRESENTA\u00c7\u00d5ES COMECIAIS","url":"https:\/\/brpini.com.br\/","sameAs":[],"logo":{"@type":"ImageObject","inLanguage":"pt-BR","@id":"https:\/\/brpini.com.br\/#\/schema\/logo\/image\/","url":"https:\/\/brpini.com.br\/wp-content\/uploads\/2022\/10\/BR-Pini.png","contentUrl":"https:\/\/brpini.com.br\/wp-content\/uploads\/2022\/10\/BR-Pini.png","width":515,"height":250,"caption":"BRPINI - REPRESENTA\u00c7\u00d5ES COMECIAIS"},"image":{"@id":"https:\/\/brpini.com.br\/#\/schema\/logo\/image\/"}}]}},"_links":{"self":[{"href":"https:\/\/brpini.com.br\/index.php?rest_route=\/wp\/v2\/pages\/821","targetHints":{"allow":["GET"]}}],"collection":[{"href":"https:\/\/brpini.com.br\/index.php?rest_route=\/wp\/v2\/pages"}],"about":[{"href":"https:\/\/brpini.com.br\/index.php?rest_route=\/wp\/v2\/types\/page"}],"author":[{"embeddable":true,"href":"https:\/\/brpini.com.br\/index.php?rest_route=\/wp\/v2\/users\/1"}],"replies":[{"embeddable":true,"href":"https:\/\/brpini.com.br\/index.php?rest_route=%2Fwp%2Fv2%2Fcomments&post=821"}],"version-history":[{"count":0,"href":"https:\/\/brpini.com.br\/index.php?rest_route=\/wp\/v2\/pages\/821\/revisions"}],"wp:attachment":[{"href":"https:\/\/brpini.com.br\/index.php?rest_route=%2Fwp%2Fv2%2Fmedia&parent=821"}],"curies":[{"name":"wp","href":"https:\/\/api.w.org\/{rel}","templated":true}]}}